{"id":71750,"date":"2025-08-27T08:40:33","date_gmt":"2025-08-27T08:40:33","guid":{"rendered":"https:\/\/linsalata.ch\/?page_id=71750"},"modified":"2025-08-27T09:14:02","modified_gmt":"2025-08-27T09:14:02","slug":"top-lehrbetrieb","status":"publish","type":"page","link":"https:\/\/linsalata.ch\/?page_id=71750","title":{"rendered":"Top-Lehrbetrieb"},"content":{"rendered":"<div class=\"wpb-content-wrapper\"><p>[vc_row type=&#8221;container&#8221; css=&#8221;.vc_custom_1756284717429{margin-top: 50px !important;}&#8221;][vc_column width=&#8221;1\/2&#8243;][vc_single_image image=&#8221;71754&#8243; img_size=&#8221;full&#8221; alignment=&#8221;center&#8221;][\/vc_column][vc_column width=&#8221;1\/2&#8243;][vc_single_image image=&#8221;71753&#8243; img_size=&#8221;full&#8221; alignment=&#8221;center&#8221;][\/vc_column][\/vc_row][vc_row type=&#8221;container&#8221; padding_top=&#8221;&#8221; padding_bottom=&#8221;&#8221;][vc_column css=&#8221;.vc_custom_1506979915363{margin-top: 15px !important;margin-bottom: 40px !important;}&#8221;][vc_column_text css=&#8221;.vc_custom_1756284272721{padding-right: 10px !important;}&#8221;]<\/p>\n<h2 style=\"text-align: center;\"><strong>Lehrlingsausbildung hat bei Linsalata Tradition<\/strong><\/h2>\n<p>[\/vc_column_text][vc_column_text css=&#8221;.vc_custom_1756286040985{margin-top: 15px !important;padding-right: 10px !important;}&#8221;]<\/p>\n<p style=\"font-weight: 400; text-align: center;\">In unserem Betrieb wurden seit der Gr\u00fcndung schon mehr als 60 Lehrlinge ausgebildet.<\/p>\n<p style=\"font-weight: 400; text-align: center;\">Unser Wissen an junge Menschen weiterzugeben, ist eine dankbare Aufgabe und auch Berufsstolz.<\/p>\n<p style=\"font-weight: 400; text-align: center;\">Die Ausbildung von jungen Menschen ist f\u00fcr Linsalata ein wichtiger Teil der Unternehmensaufgabe. Ziel ist einerseits, qualifizierten Nachwuchs an Berufsleuten zu generieren, anderseits die Berufsbildung als vielseitige und gesunde Grundlage f\u00fcr das Erwerbsleben einer aktiven Bev\u00f6lkerung zu erm\u00f6glichen.<\/p>\n<p style=\"font-weight: 400; text-align: center;\">Neben der fachlichen Ausbildung werden die Lernenden in pers\u00f6nlicher und sozialer Kompetenz gef\u00f6rdert. Auf Eigenverantwortung, Zuverl\u00e4ssigkeit und Selbstst\u00e4ndigkeit wird grossen Wert gelegt. Die Lernenden werden zum Mitdenken angeregt und ihre Meinung bei Entscheidungen wird ber\u00fccksichtigt.<\/p>\n<p style=\"font-weight: 400; text-align: center;\">Als Resultat dieser vielf\u00e4ltigen Bem\u00fchungen hat der Geb\u00e4udetechnikverband suissetec im 2013 der Linsalata Geb\u00e4udetechnik AG das Zertifikat <strong>&#8220;Toplehrbetrieb&#8221;<\/strong> verliehen. Mit diesem Zertifikat wird best\u00e4tigt, dass das Unternehmen die Qualit\u00e4tsanforderungen, die der Verband an einen Toplehrbetrieb stellt, mit Auszeichnung erf\u00fcllt.<\/p>\n<p>[\/vc_column_text][\/vc_column][\/vc_row]<\/p>\n<\/div>","protected":false},"excerpt":{"rendered":"<p>[vc_row type=&#8221;container&#8221; css=&#8221;.vc_custom_1756284717429{margin-top: 50px !important;}&#8221;][vc_column width=&#8221;1\/2&#8243;][vc_single_image image=&#8221;71754&#8243; img_size=&#8221;full&#8221; alignment=&#8221;center&#8221;][\/vc_column][vc_column width=&#8221;1\/2&#8243;][vc_single_image image=&#8221;71753&#8243; img_size=&#8221;full&#8221; alignment=&#8221;center&#8221;][\/vc_column][\/vc_row][vc_row type=&#8221;container&#8221; padding_top=&#8221;&#8221; padding_bottom=&#8221;&#8221;][vc_column css=&#8221;.vc_custom_1506979915363{margin-top: 15px !important;margin-bottom: 40px !important;}&#8221;][vc_column_text css=&#8221;.vc_custom_1756284272721{padding-right: 10px !important;}&#8221;] Lehrlingsausbildung hat bei Linsalata Tradition [\/vc_column_text][vc_column_text css=&#8221;.vc_custom_1756286040985{margin-top: 15px !important;padding-right: 10px !important;}&#8221;] In unserem Betrieb wurden seit der Gr\u00fcndung schon mehr als 60 Lehrlinge ausgebildet. Unser Wissen an junge Menschen weiterzugeben, ist [&hellip;]<\/p>\n","protected":false},"author":4,"featured_media":70780,"parent":0,"menu_order":0,"comment_status":"closed","ping_status":"closed","template":"page-full-width.php","meta":{"_acf_changed":false,"footnotes":""},"class_list":["post-71750","page","type-page","status-publish","has-post-thumbnail","hentry"],"acf":[],"yoast_head":"<!-- This site is optimized with the Yoast SEO plugin v26.7 - https:\/\/yoast.com\/wordpress\/plugins\/seo\/ -->\n<title>Top-Lehrbetrieb - Linsalata<\/title>\n<meta name=\"description\" content=\"We work on the cusp of innovation and technology to take products from an idea all the way to the end consumer.\" \/>\n<meta name=\"robots\" content=\"index, follow, max-snippet:-1, max-image-preview:large, max-video-preview:-1\" \/>\n<link rel=\"canonical\" href=\"https:\/\/linsalata.ch\/?page_id=71750\" \/>\n<meta property=\"og:locale\" content=\"de_DE\" \/>\n<meta property=\"og:type\" content=\"article\" \/>\n<meta property=\"og:title\" content=\"Top-Lehrbetrieb - Linsalata\" \/>\n<meta property=\"og:description\" content=\"We work on the cusp of innovation and technology to take products from an idea all the way to the end consumer.\" \/>\n<meta property=\"og:url\" content=\"https:\/\/linsalata.ch\/?page_id=71750\" \/>\n<meta property=\"og:site_name\" content=\"Linsalata\" \/>\n<meta property=\"article:modified_time\" content=\"2025-08-27T09:14:02+00:00\" \/>\n<meta name=\"twitter:card\" content=\"summary_large_image\" \/>\n<meta name=\"twitter:label1\" content=\"Gesch\u00e4tzte Lesezeit\" \/>\n\t<meta name=\"twitter:data1\" content=\"1\u00a0Minute\" \/>\n<script type=\"application\/ld+json\" class=\"yoast-schema-graph\">{\"@context\":\"https:\/\/schema.org\",\"@graph\":[{\"@type\":\"WebPage\",\"@id\":\"https:\/\/linsalata.ch\/?page_id=71750\",\"url\":\"https:\/\/linsalata.ch\/?page_id=71750\",\"name\":\"Top-Lehrbetrieb - Linsalata\",\"isPartOf\":{\"@id\":\"https:\/\/linsalata.ch\/#website\"},\"primaryImageOfPage\":{\"@id\":\"https:\/\/linsalata.ch\/?page_id=71750#primaryimage\"},\"image\":{\"@id\":\"https:\/\/linsalata.ch\/?page_id=71750#primaryimage\"},\"thumbnailUrl\":\"\",\"datePublished\":\"2025-08-27T08:40:33+00:00\",\"dateModified\":\"2025-08-27T09:14:02+00:00\",\"description\":\"We work on the cusp of innovation and technology to take products from an idea all the way to the end consumer.\",\"breadcrumb\":{\"@id\":\"https:\/\/linsalata.ch\/?page_id=71750#breadcrumb\"},\"inLanguage\":\"de\",\"potentialAction\":[{\"@type\":\"ReadAction\",\"target\":[\"https:\/\/linsalata.ch\/?page_id=71750\"]}]},{\"@type\":\"ImageObject\",\"inLanguage\":\"de\",\"@id\":\"https:\/\/linsalata.ch\/?page_id=71750#primaryimage\",\"url\":\"\",\"contentUrl\":\"\"},{\"@type\":\"BreadcrumbList\",\"@id\":\"https:\/\/linsalata.ch\/?page_id=71750#breadcrumb\",\"itemListElement\":[{\"@type\":\"ListItem\",\"position\":1,\"name\":\"Startseite\",\"item\":\"https:\/\/linsalata.ch\/\"},{\"@type\":\"ListItem\",\"position\":2,\"name\":\"Top-Lehrbetrieb\"}]},{\"@type\":\"WebSite\",\"@id\":\"https:\/\/linsalata.ch\/#website\",\"url\":\"https:\/\/linsalata.ch\/\",\"name\":\"Linsalata\",\"description\":\"Eine weitere WordPress page\",\"potentialAction\":[{\"@type\":\"SearchAction\",\"target\":{\"@type\":\"EntryPoint\",\"urlTemplate\":\"https:\/\/linsalata.ch\/?s={search_term_string}\"},\"query-input\":{\"@type\":\"PropertyValueSpecification\",\"valueRequired\":true,\"valueName\":\"search_term_string\"}}],\"inLanguage\":\"de\"}]}<\/script>\n<!-- \/ Yoast SEO plugin. -->","yoast_head_json":{"title":"Top-Lehrbetrieb - Linsalata","description":"We work on the cusp of innovation and technology to take products from an idea all the way to the end consumer.","robots":{"index":"index","follow":"follow","max-snippet":"max-snippet:-1","max-image-preview":"max-image-preview:large","max-video-preview":"max-video-preview:-1"},"canonical":"https:\/\/linsalata.ch\/?page_id=71750","og_locale":"de_DE","og_type":"article","og_title":"Top-Lehrbetrieb - Linsalata","og_description":"We work on the cusp of innovation and technology to take products from an idea all the way to the end consumer.","og_url":"https:\/\/linsalata.ch\/?page_id=71750","og_site_name":"Linsalata","article_modified_time":"2025-08-27T09:14:02+00:00","twitter_card":"summary_large_image","twitter_misc":{"Gesch\u00e4tzte Lesezeit":"1\u00a0Minute"},"schema":{"@context":"https:\/\/schema.org","@graph":[{"@type":"WebPage","@id":"https:\/\/linsalata.ch\/?page_id=71750","url":"https:\/\/linsalata.ch\/?page_id=71750","name":"Top-Lehrbetrieb - Linsalata","isPartOf":{"@id":"https:\/\/linsalata.ch\/#website"},"primaryImageOfPage":{"@id":"https:\/\/linsalata.ch\/?page_id=71750#primaryimage"},"image":{"@id":"https:\/\/linsalata.ch\/?page_id=71750#primaryimage"},"thumbnailUrl":"","datePublished":"2025-08-27T08:40:33+00:00","dateModified":"2025-08-27T09:14:02+00:00","description":"We work on the cusp of innovation and technology to take products from an idea all the way to the end consumer.","breadcrumb":{"@id":"https:\/\/linsalata.ch\/?page_id=71750#breadcrumb"},"inLanguage":"de","potentialAction":[{"@type":"ReadAction","target":["https:\/\/linsalata.ch\/?page_id=71750"]}]},{"@type":"ImageObject","inLanguage":"de","@id":"https:\/\/linsalata.ch\/?page_id=71750#primaryimage","url":"","contentUrl":""},{"@type":"BreadcrumbList","@id":"https:\/\/linsalata.ch\/?page_id=71750#breadcrumb","itemListElement":[{"@type":"ListItem","position":1,"name":"Startseite","item":"https:\/\/linsalata.ch\/"},{"@type":"ListItem","position":2,"name":"Top-Lehrbetrieb"}]},{"@type":"WebSite","@id":"https:\/\/linsalata.ch\/#website","url":"https:\/\/linsalata.ch\/","name":"Linsalata","description":"Eine weitere WordPress page","potentialAction":[{"@type":"SearchAction","target":{"@type":"EntryPoint","urlTemplate":"https:\/\/linsalata.ch\/?s={search_term_string}"},"query-input":{"@type":"PropertyValueSpecification","valueRequired":true,"valueName":"search_term_string"}}],"inLanguage":"de"}]}},"_links":{"self":[{"href":"https:\/\/linsalata.ch\/index.php?rest_route=\/wp\/v2\/pages\/71750","targetHints":{"allow":["GET"]}}],"collection":[{"href":"https:\/\/linsalata.ch\/index.php?rest_route=\/wp\/v2\/pages"}],"about":[{"href":"https:\/\/linsalata.ch\/index.php?rest_route=\/wp\/v2\/types\/page"}],"author":[{"embeddable":true,"href":"https:\/\/linsalata.ch\/index.php?rest_route=\/wp\/v2\/users\/4"}],"replies":[{"embeddable":true,"href":"https:\/\/linsalata.ch\/index.php?rest_route=%2Fwp%2Fv2%2Fcomments&post=71750"}],"version-history":[{"count":19,"href":"https:\/\/linsalata.ch\/index.php?rest_route=\/wp\/v2\/pages\/71750\/revisions"}],"predecessor-version":[{"id":71772,"href":"https:\/\/linsalata.ch\/index.php?rest_route=\/wp\/v2\/pages\/71750\/revisions\/71772"}],"wp:featuredmedia":[{"embeddable":true,"href":"https:\/\/linsalata.ch\/index.php?rest_route=\/"}],"wp:attachment":[{"href":"https:\/\/linsalata.ch\/index.php?rest_route=%2Fwp%2Fv2%2Fmedia&parent=71750"}],"curies":[{"name":"wp","href":"https:\/\/api.w.org\/{rel}","templated":true}]}}