{"id":71557,"date":"2020-10-02T07:10:06","date_gmt":"2020-10-02T07:10:06","guid":{"rendered":"https:\/\/linsalata.ch\/?page_id=71557"},"modified":"2023-12-06T05:38:37","modified_gmt":"2023-12-06T05:38:37","slug":"leitbild","status":"publish","type":"page","link":"https:\/\/linsalata.ch\/?page_id=71557","title":{"rendered":"Leitbild"},"content":{"rendered":"<div class=\"wpb-content-wrapper\"><p>[vc_row type=&#8221;container&#8221; padding_top=&#8221;&#8221; padding_bottom=&#8221;&#8221; css=&#8221;.vc_custom_1451761032806{padding-top: 50px !important;}&#8221;][vc_column width=&#8221;2\/3&#8243;][vc_column_text]<\/p>\n<h3>Die Linsalata Geb\u00e4udetechnik AG ist 1974 gegr\u00fcndet worden und hat seit 2002 ihren Sitz in Sissach, Baselland. Nah bei den Kunden, flexibel und pers\u00f6nlich. Ein erfolgreiches Familienunternehmen, das stolz auf seine Mitarbeitenden und seine Tradition ist. Linsalata verbindet pr\u00e4zises Handwerk mit modernstem Wissen in den Bereichen Sanit\u00e4r, Badum- und neubau sowie Reparaturservice.<\/h3>\n<p>[\/vc_column_text][vc_single_image image=&#8221;71506&#8243; img_size=&#8221;full&#8221;][\/vc_column][vc_column width=&#8221;1\/3&#8243; css=&#8221;.vc_custom_1506979915363{margin-top: 15px !important;margin-bottom: 40px !important;}&#8221;][vc_column_text]1. Wir wollen in den Bereichen Sanit\u00e4r, sowie Badum- und -neubau f\u00fcr unsere Kunden in der Region und der ganzen Schweiz Partner, Dienstleister und Produzent sein, nach unserem Motto \u00abzuverl\u00e4ssig, flexibel, kundennah\u00bb.<\/p>\n<p>2. Wir sind ein eigenst\u00e4ndiges Familienunternehmen. Wir handeln leistungs- und gewinnorientiert und sichern durch laufende Investitionen in das Unternehmen Arbeitspl\u00e4tze.<\/p>\n<p>3. Linsalata Geb\u00e4udetechnik AG steht f\u00fcr eine innovative, energie- und umweltbewusste Geb\u00e4udetechnik ein.<\/p>\n<p>4. Unser Ziel ist es, Hygiene, Gesundheit und Lebensqualit\u00e4t durch unsere fachgerechte Arbeit zu steigern.<\/p>\n<p>5. Die Firma Linsalata Geb\u00e4udetechnik AG wollen wir durch Marketing, Weiterentwicklung und \u00fcberzeugende Serviceleistungen in der Region fest verankern.<\/p>\n<p>6. Wir stellen in unserem Denken und Handeln den Menschen \u2013 sei dies der Kunde oder der Mitarbeitende &#8211; in den Mittelpunkt.<\/p>\n<p>7. Wir f\u00f6rdern unsere Mitarbeitenden durch Aus- und Weiterbildung. Wir bringen ihnen Vertrauen entgegen, \u00fcbertragen ihnen Kompetenzen und f\u00f6rdern so ein innovatives Mitdenken.<\/p>\n<p>8. Wir wollen uns gegenseitig wertsch\u00e4tzen und respektieren, f\u00fcr Anliegen offen und tolerant sein, damit der Arbeitsraum auch Lebensraum wird.[\/vc_column_text][\/vc_column][\/vc_row]<\/p>\n<\/div>","protected":false},"excerpt":{"rendered":"<p>[vc_row type=&#8221;container&#8221; padding_top=&#8221;&#8221; padding_bottom=&#8221;&#8221; css=&#8221;.vc_custom_1451761032806{padding-top: 50px !important;}&#8221;][vc_column width=&#8221;2\/3&#8243;][vc_column_text] Die Linsalata Geb\u00e4udetechnik AG ist 1974 gegr\u00fcndet worden und hat seit 2002 ihren Sitz in Sissach, Baselland. Nah bei den Kunden, flexibel und pers\u00f6nlich. Ein erfolgreiches Familienunternehmen, das stolz auf seine Mitarbeitenden und seine Tradition ist. Linsalata verbindet pr\u00e4zises Handwerk mit modernstem Wissen in den Bereichen Sanit\u00e4r, [&hellip;]<\/p>\n","protected":false},"author":4,"featured_media":70780,"parent":0,"menu_order":0,"comment_status":"closed","ping_status":"closed","template":"page-full-width.php","meta":{"_acf_changed":false,"footnotes":""},"class_list":["post-71557","page","type-page","status-publish","has-post-thumbnail","hentry"],"acf":[],"yoast_head":"<!-- This site is optimized with the Yoast SEO plugin v26.7 - https:\/\/yoast.com\/wordpress\/plugins\/seo\/ -->\n<title>Leitbild - Linsalata<\/title>\n<meta name=\"description\" content=\"We work on the cusp of innovation and technology to take products from an idea all the way to the end consumer.\" \/>\n<meta name=\"robots\" content=\"index, follow, max-snippet:-1, max-image-preview:large, max-video-preview:-1\" \/>\n<link rel=\"canonical\" href=\"https:\/\/linsalata.ch\/?page_id=71557\" \/>\n<meta property=\"og:locale\" content=\"de_DE\" \/>\n<meta property=\"og:type\" content=\"article\" \/>\n<meta property=\"og:title\" content=\"Leitbild - Linsalata\" \/>\n<meta property=\"og:description\" content=\"We work on the cusp of innovation and technology to take products from an idea all the way to the end consumer.\" \/>\n<meta property=\"og:url\" content=\"https:\/\/linsalata.ch\/?page_id=71557\" \/>\n<meta property=\"og:site_name\" content=\"Linsalata\" \/>\n<meta property=\"article:modified_time\" content=\"2023-12-06T05:38:37+00:00\" \/>\n<meta name=\"twitter:card\" content=\"summary_large_image\" \/>\n<meta name=\"twitter:label1\" content=\"Gesch\u00e4tzte Lesezeit\" \/>\n\t<meta name=\"twitter:data1\" content=\"1\u00a0Minute\" \/>\n<script type=\"application\/ld+json\" class=\"yoast-schema-graph\">{\"@context\":\"https:\/\/schema.org\",\"@graph\":[{\"@type\":\"WebPage\",\"@id\":\"https:\/\/linsalata.ch\/?page_id=71557\",\"url\":\"https:\/\/linsalata.ch\/?page_id=71557\",\"name\":\"Leitbild - Linsalata\",\"isPartOf\":{\"@id\":\"https:\/\/linsalata.ch\/#website\"},\"primaryImageOfPage\":{\"@id\":\"https:\/\/linsalata.ch\/?page_id=71557#primaryimage\"},\"image\":{\"@id\":\"https:\/\/linsalata.ch\/?page_id=71557#primaryimage\"},\"thumbnailUrl\":\"\",\"datePublished\":\"2020-10-02T07:10:06+00:00\",\"dateModified\":\"2023-12-06T05:38:37+00:00\",\"description\":\"We work on the cusp of innovation and technology to take products from an idea all the way to the end consumer.\",\"breadcrumb\":{\"@id\":\"https:\/\/linsalata.ch\/?page_id=71557#breadcrumb\"},\"inLanguage\":\"de\",\"potentialAction\":[{\"@type\":\"ReadAction\",\"target\":[\"https:\/\/linsalata.ch\/?page_id=71557\"]}]},{\"@type\":\"ImageObject\",\"inLanguage\":\"de\",\"@id\":\"https:\/\/linsalata.ch\/?page_id=71557#primaryimage\",\"url\":\"\",\"contentUrl\":\"\"},{\"@type\":\"BreadcrumbList\",\"@id\":\"https:\/\/linsalata.ch\/?page_id=71557#breadcrumb\",\"itemListElement\":[{\"@type\":\"ListItem\",\"position\":1,\"name\":\"Startseite\",\"item\":\"https:\/\/linsalata.ch\/\"},{\"@type\":\"ListItem\",\"position\":2,\"name\":\"Leitbild\"}]},{\"@type\":\"WebSite\",\"@id\":\"https:\/\/linsalata.ch\/#website\",\"url\":\"https:\/\/linsalata.ch\/\",\"name\":\"Linsalata\",\"description\":\"Eine weitere WordPress page\",\"potentialAction\":[{\"@type\":\"SearchAction\",\"target\":{\"@type\":\"EntryPoint\",\"urlTemplate\":\"https:\/\/linsalata.ch\/?s={search_term_string}\"},\"query-input\":{\"@type\":\"PropertyValueSpecification\",\"valueRequired\":true,\"valueName\":\"search_term_string\"}}],\"inLanguage\":\"de\"}]}<\/script>\n<!-- \/ Yoast SEO plugin. -->","yoast_head_json":{"title":"Leitbild - Linsalata","description":"We work on the cusp of innovation and technology to take products from an idea all the way to the end consumer.","robots":{"index":"index","follow":"follow","max-snippet":"max-snippet:-1","max-image-preview":"max-image-preview:large","max-video-preview":"max-video-preview:-1"},"canonical":"https:\/\/linsalata.ch\/?page_id=71557","og_locale":"de_DE","og_type":"article","og_title":"Leitbild - Linsalata","og_description":"We work on the cusp of innovation and technology to take products from an idea all the way to the end consumer.","og_url":"https:\/\/linsalata.ch\/?page_id=71557","og_site_name":"Linsalata","article_modified_time":"2023-12-06T05:38:37+00:00","twitter_card":"summary_large_image","twitter_misc":{"Gesch\u00e4tzte Lesezeit":"1\u00a0Minute"},"schema":{"@context":"https:\/\/schema.org","@graph":[{"@type":"WebPage","@id":"https:\/\/linsalata.ch\/?page_id=71557","url":"https:\/\/linsalata.ch\/?page_id=71557","name":"Leitbild - Linsalata","isPartOf":{"@id":"https:\/\/linsalata.ch\/#website"},"primaryImageOfPage":{"@id":"https:\/\/linsalata.ch\/?page_id=71557#primaryimage"},"image":{"@id":"https:\/\/linsalata.ch\/?page_id=71557#primaryimage"},"thumbnailUrl":"","datePublished":"2020-10-02T07:10:06+00:00","dateModified":"2023-12-06T05:38:37+00:00","description":"We work on the cusp of innovation and technology to take products from an idea all the way to the end consumer.","breadcrumb":{"@id":"https:\/\/linsalata.ch\/?page_id=71557#breadcrumb"},"inLanguage":"de","potentialAction":[{"@type":"ReadAction","target":["https:\/\/linsalata.ch\/?page_id=71557"]}]},{"@type":"ImageObject","inLanguage":"de","@id":"https:\/\/linsalata.ch\/?page_id=71557#primaryimage","url":"","contentUrl":""},{"@type":"BreadcrumbList","@id":"https:\/\/linsalata.ch\/?page_id=71557#breadcrumb","itemListElement":[{"@type":"ListItem","position":1,"name":"Startseite","item":"https:\/\/linsalata.ch\/"},{"@type":"ListItem","position":2,"name":"Leitbild"}]},{"@type":"WebSite","@id":"https:\/\/linsalata.ch\/#website","url":"https:\/\/linsalata.ch\/","name":"Linsalata","description":"Eine weitere WordPress page","potentialAction":[{"@type":"SearchAction","target":{"@type":"EntryPoint","urlTemplate":"https:\/\/linsalata.ch\/?s={search_term_string}"},"query-input":{"@type":"PropertyValueSpecification","valueRequired":true,"valueName":"search_term_string"}}],"inLanguage":"de"}]}},"_links":{"self":[{"href":"https:\/\/linsalata.ch\/index.php?rest_route=\/wp\/v2\/pages\/71557","targetHints":{"allow":["GET"]}}],"collection":[{"href":"https:\/\/linsalata.ch\/index.php?rest_route=\/wp\/v2\/pages"}],"about":[{"href":"https:\/\/linsalata.ch\/index.php?rest_route=\/wp\/v2\/types\/page"}],"author":[{"embeddable":true,"href":"https:\/\/linsalata.ch\/index.php?rest_route=\/wp\/v2\/users\/4"}],"replies":[{"embeddable":true,"href":"https:\/\/linsalata.ch\/index.php?rest_route=%2Fwp%2Fv2%2Fcomments&post=71557"}],"version-history":[{"count":14,"href":"https:\/\/linsalata.ch\/index.php?rest_route=\/wp\/v2\/pages\/71557\/revisions"}],"predecessor-version":[{"id":71701,"href":"https:\/\/linsalata.ch\/index.php?rest_route=\/wp\/v2\/pages\/71557\/revisions\/71701"}],"wp:featuredmedia":[{"embeddable":true,"href":"https:\/\/linsalata.ch\/index.php?rest_route=\/"}],"wp:attachment":[{"href":"https:\/\/linsalata.ch\/index.php?rest_route=%2Fwp%2Fv2%2Fmedia&parent=71557"}],"curies":[{"name":"wp","href":"https:\/\/api.w.org\/{rel}","templated":true}]}}