{"id":71078,"date":"2017-09-29T21:28:14","date_gmt":"2017-09-29T21:28:14","guid":{"rendered":"http:\/\/linsalata.ch\/wp\/?page_id=71078"},"modified":"2023-11-24T08:15:54","modified_gmt":"2023-11-24T08:15:54","slug":"kontakt-2","status":"publish","type":"page","link":"https:\/\/linsalata.ch\/?page_id=71078","title":{"rendered":"Kontakt"},"content":{"rendered":"<div class=\"wpb-content-wrapper\"><p>[vc_row type=&#8221;container&#8221; padding_top=&#8221;&#8221; padding_bottom=&#8221;&#8221; css=&#8221;.vc_custom_1506768044418{margin-top: 20px !important;}&#8221;][vc_column width=&#8221;1\/6&#8243;][\/vc_column][vc_column width=&#8221;2\/3&#8243;][vc_column_text]<\/p>\n<h3 style=\"text-align: center;\"><strong>Kontaktieren Sie uns<\/strong><\/h3>\n<p>[\/vc_column_text][\/vc_column][vc_column width=&#8221;1\/6&#8243;][\/vc_column][\/vc_row][vc_row type=&#8221;container&#8221; padding_top=&#8221;&#8221; padding_bottom=&#8221;&#8221; css=&#8221;.vc_custom_1506767149712{margin-top: 30px !important;}&#8221;][vc_column][vc_column_text]<\/p>\n<p style=\"text-align: center;\">Wir sind im Handumdrehen bei Ihnen! Egal, ob Sie im Birsigtal oder Fricktal, in Basel oder Olten zuhause sind. Denn von unserem Sitz an Sissachs Hauptstrasse ist die Autobahn bloss einen Katzensprung entfernt. Und wie es sich f\u00fcr einen innovativen Betrieb geh\u00f6rt, kommen wir auf ganz umweltfreundliche Art und Weise: mit Erdgas im Tank. Und nat\u00fcrlich von der Lust angetrieben, bei Ihnen eine ebenso zukunftsweisende L\u00f6sung im Rahmen der Geb\u00e4udetechnik zu realisieren.<\/p>\n<p>[\/vc_column_text][\/vc_column][\/vc_row][vc_row type=&#8221;container&#8221; css=&#8221;.vc_custom_1509992373207{margin-top: 20px !important;}&#8221;][vc_column width=&#8221;1\/3&#8243;][vc_icon icon_fontawesome=&#8221;fa fa-location-arrow&#8221; color=&#8221;grey&#8221; background_style=&#8221;rounded&#8221; background_color=&#8221;custom&#8221; align=&#8221;center&#8221; css=&#8221;.vc_custom_1700813752403{margin-top: 20px !important;}&#8221; custom_background_color=&#8221;#2276bf&#8221;][vc_column_text]<\/p>\n<p style=\"text-align: center;\">Hauptstrasse 134<br \/>\nCH-4450 Sissach<\/p>\n<p>[\/vc_column_text][\/vc_column][vc_column width=&#8221;1\/3&#8243;][vc_icon icon_fontawesome=&#8221;fa fa-phone&#8221; color=&#8221;grey&#8221; background_style=&#8221;rounded&#8221; background_color=&#8221;custom&#8221; align=&#8221;center&#8221; css=&#8221;.vc_custom_1700813735757{margin-top: 20px !important;}&#8221; custom_background_color=&#8221;#2276bf&#8221;][vc_column_text]<\/p>\n<p style=\"text-align: center;\">+41 061 921 66 01<\/p>\n<p>[\/vc_column_text][\/vc_column][vc_column width=&#8221;1\/3&#8243;][vc_icon icon_fontawesome=&#8221;fa fa-envelope&#8221; color=&#8221;grey&#8221; background_style=&#8221;rounded&#8221; background_color=&#8221;custom&#8221; align=&#8221;center&#8221; css=&#8221;.vc_custom_1506720948614{margin-top: 20px !important;}&#8221; custom_background_color=&#8221;#2276bf&#8221;][vc_column_text]<\/p>\n<p style=\"text-align: center;\">info@linsalata.ch<\/p>\n<p>[\/vc_column_text][\/vc_column][\/vc_row][vc_row type=&#8221;container&#8221; padding_top=&#8221;&#8221; padding_bottom=&#8221;&#8221;][vc_column][vc_separator color=&#8221;#4778b8&#8243; type=&#8221;normal&#8221; thickness=&#8221;1&#8243; up=&#8221;&#8221; down=&#8221;&#8221;][vc_column_text]<\/p>\n<h4 style=\"text-align: center;\"><strong>Hier finden Sie uns<\/strong><\/h4>\n<p>[\/vc_column_text][\/vc_column][\/vc_row][vc_row type=&#8221;container&#8221;][vc_column width=&#8221;1\/2&#8243;][vc_single_image image=&#8221;71641&#8243; img_size=&#8221;full&#8221; alignment=&#8221;center&#8221; style=&#8221;vc_box_shadow_3d&#8221;][\/vc_column][vc_column width=&#8221;1\/2&#8243;][vc_gmaps link=&#8221;#E-8_JTNDaWZyYW1lJTIwc3JjJTNEJTIyaHR0cHMlM0ElMkYlMkZ3d3cuZ29vZ2xlLmNvbSUyRm1hcHMlMkZlbWJlZCUzRnBiJTNEJTIxMW0xOCUyMTFtMTIlMjExbTMlMjExZDI2OTcuMjI5MzQ3MDUxMDM2NyUyMTJkNy44MDE1NDg2MTU5MDM5OTklMjEzZDQ3LjQ2NTk2MDAwNTY3NTQzNCUyMTJtMyUyMTFmMCUyMTJmMCUyMTNmMCUyMTNtMiUyMTFpMTAyNCUyMTJpNzY4JTIxNGYxMy4xJTIxM20zJTIxMW0yJTIxMXMweDQ3OTAzNTJlZmVhODZjZTElMjUzQTB4Nzc0MzhjZTRhMWMxOTQ0NSUyMTJzTGluc2FsYXRhJTJCR2ViJTI1QzMlMjVBNHVkZXRlY2huaWslMkJBRyUyMTVlMCUyMTNtMiUyMTFzcHQtUFQlMjEyc3B0JTIxNHYxNTA2NzIwODM3NTEwJTIyJTIwd2lkdGglM0QlMjIzMDAlMjIlMjBoZWlnaHQlM0QlMjI0MjUlMjIlMjBmcmFtZWJvcmRlciUzRCUyMjAlMjIlMjBzdHlsZSUzRCUyMmJvcmRlciUzQTAlMjIlMjBhbGxvd2Z1bGxzY3JlZW4lM0UlM0MlMkZpZnJhbWUlM0U=&#8221;][\/vc_column][\/vc_row][vc_row type=&#8221;container&#8221; padding_top=&#8221;&#8221; padding_bottom=&#8221;&#8221; css=&#8221;.vc_custom_1506767946049{margin-top: 20px !important;}&#8221;][vc_column][vc_separator color=&#8221;#4778b8&#8243; type=&#8221;normal&#8221; thickness=&#8221;1&#8243; up=&#8221;&#8221; down=&#8221;&#8221;][vc_column_text]<\/p>\n<h4 style=\"text-align: center;\"><strong>\u00d6ffnungszeiten<\/strong><\/h4>\n<p>[\/vc_column_text][vc_icon icon_fontawesome=&#8221;fa fa-calendar&#8221; color=&#8221;grey&#8221; background_style=&#8221;rounded&#8221; background_color=&#8221;custom&#8221; align=&#8221;center&#8221; custom_background_color=&#8221;#2276bf&#8221;][\/vc_column][\/vc_row][vc_row type=&#8221;container&#8221; css=&#8221;.vc_custom_1509992373207{margin-top: 20px !important;}&#8221;][vc_column width=&#8221;1\/4&#8243;][\/vc_column][vc_column width=&#8221;1\/4&#8243;][vc_column_text]<\/p>\n<p style=\"text-align: center;\">Montag bis Donnerstag :<\/p>\n<p>[\/vc_column_text][vc_column_text]<\/p>\n<p style=\"text-align: center;\">Freitag :<\/p>\n<p>[\/vc_column_text][vc_column_text]<\/p>\n<p style=\"text-align: center;\">Samstag :<\/p>\n<p>[\/vc_column_text][\/vc_column][vc_column width=&#8221;1\/4&#8243;][vc_column_text]<\/p>\n<p style=\"text-align: center;\">08:00-12:00 \/ 13:00-17:00<\/p>\n<p>[\/vc_column_text][vc_column_text]<\/p>\n<div class=\"\">\n<div class=\"WordSection1\">\n<div class=\"\" style=\"text-align: center;\"><span class=\"\">08:00-12:00 \/ 13:00-16:00<\/span><\/div>\n<\/div>\n<\/div>\n<p>[\/vc_column_text][vc_column_text]<\/p>\n<p style=\"text-align: center;\">Geschlossen<\/p>\n<p>[\/vc_column_text][\/vc_column][vc_column width=&#8221;1\/4&#8243;][\/vc_column][\/vc_row][vc_row type=&#8221;container&#8221; padding_top=&#8221;&#8221; padding_bottom=&#8221;&#8221; css=&#8221;.vc_custom_1506767946049{margin-top: 20px !important;}&#8221;][vc_column][vc_separator color=&#8221;#4778b8&#8243; type=&#8221;normal&#8221; thickness=&#8221;1&#8243; up=&#8221;&#8221; down=&#8221;&#8221;][\/vc_column][\/vc_row][vc_row type=&#8221;container&#8221; padding_top=&#8221;&#8221; padding_bottom=&#8221;&#8221; css=&#8221;.vc_custom_1506767946049{margin-top: 20px !important;}&#8221;][vc_column][vc_column_text]<\/p>\n<h4 style=\"text-align: center;\"><strong>Senden Sie uns eine Nachricht<\/strong><\/h4>\n<p>[\/vc_column_text][\/vc_column][\/vc_row][vc_row type=&#8221;container&#8221; padding_top=&#8221;&#8221; padding_bottom=&#8221;&#8221; css=&#8221;.vc_custom_1507620927370{margin-bottom: 40px !important;}&#8221;][vc_column css=&#8221;.vc_custom_1445110591475{margin-bottom: 35px !important;padding-right: 25px !important;}&#8221;][vc_icon icon_fontawesome=&#8221;fa fa-envelope&#8221; color=&#8221;grey&#8221; background_style=&#8221;rounded&#8221; background_color=&#8221;custom&#8221; align=&#8221;center&#8221; css=&#8221;.vc_custom_1506770895815{margin-top: 20px !important;}&#8221; custom_background_color=&#8221;#2276bf&#8221;]\n<div class=\"wpcf7 no-js\" id=\"wpcf7-f71093-o1\" lang=\"en-US\" dir=\"ltr\" data-wpcf7-id=\"71093\">\n<div class=\"screen-reader-response\"><p role=\"status\" aria-live=\"polite\" aria-atomic=\"true\"><\/p> <ul><\/ul><\/div>\n<form action=\"\/index.php?rest_route=%2Fwp%2Fv2%2Fpages%2F71078#wpcf7-f71093-o1\" method=\"post\" class=\"wpcf7-form init\" aria-label=\"Contact form\" novalidate=\"novalidate\" data-status=\"init\">\n<fieldset class=\"hidden-fields-container\"><input type=\"hidden\" name=\"_wpcf7\" value=\"71093\" \/><input type=\"hidden\" name=\"_wpcf7_version\" value=\"6.1.4\" \/><input type=\"hidden\" name=\"_wpcf7_locale\" value=\"en_US\" \/><input type=\"hidden\" name=\"_wpcf7_unit_tag\" value=\"wpcf7-f71093-o1\" \/><input type=\"hidden\" name=\"_wpcf7_container_post\" value=\"0\" \/><input type=\"hidden\" name=\"_wpcf7_posted_data_hash\" value=\"\" \/>\n<\/fieldset>\n<div class=\"row\">\n\t<div class=\"col-lg-6 col-md-6\">\n\t\t<p>Name (Pflichtfeld)\n\t\t<\/p>\n\t\t<p><span class=\"wpcf7-form-control-wrap\" data-name=\"your-name\"><input size=\"40\" maxlength=\"400\" class=\"wpcf7-form-control wpcf7-text wpcf7-validates-as-required\" aria-required=\"true\" aria-invalid=\"false\" value=\"\" type=\"text\" name=\"your-name\" \/><\/span>\n\t\t<\/p>\n\t\t<p>E-mail (Pflichtfeld)\n\t\t<\/p>\n\t\t<p><span class=\"wpcf7-form-control-wrap\" data-name=\"your-email\"><input size=\"40\" maxlength=\"400\" class=\"wpcf7-form-control wpcf7-email wpcf7-validates-as-required wpcf7-text wpcf7-validates-as-email\" aria-required=\"true\" aria-invalid=\"false\" value=\"\" type=\"email\" name=\"your-email\" \/><\/span>\n\t\t<\/p>\n\t\t<p>Telefon\n\t\t<\/p>\n\t\t<p><span class=\"wpcf7-form-control-wrap\" data-name=\"your-phone\"><input size=\"40\" maxlength=\"400\" class=\"wpcf7-form-control wpcf7-tel wpcf7-text wpcf7-validates-as-tel\" aria-invalid=\"false\" value=\"\" type=\"tel\" name=\"your-phone\" \/><\/span>\n\t\t<\/p>\n\t<\/div>\n\t<div class=\"col-lg-6 col-md-6\">\n\t\t<p>Betreff<span class=\"hint\">Lassen Sie uns wissen was wir f\u00fcr Sie tun k\u00f6nnen<\/span>\n\t\t<\/p>\n\t\t<p><span class=\"wpcf7-form-control-wrap\" data-name=\"your-subject\"><input size=\"40\" maxlength=\"400\" class=\"wpcf7-form-control wpcf7-text\" aria-invalid=\"false\" value=\"\" type=\"text\" name=\"your-subject\" \/><\/span>\n\t\t<\/p>\n\t\t<p>Nachricht\n\t\t<\/p>\n\t\t<p><span class=\"wpcf7-form-control-wrap\" data-name=\"your-message\"><textarea cols=\"40\" rows=\"10\" maxlength=\"2000\" class=\"wpcf7-form-control wpcf7-textarea\" aria-invalid=\"false\" name=\"your-message\"><\/textarea><\/span>\n\t\t<\/p>\n\t<\/div>\n<\/div>\n<p><input class=\"wpcf7-form-control wpcf7-submit has-spinner\" type=\"submit\" value=\"Senden\" \/>\n<\/p><div class=\"wpcf7-response-output\" aria-hidden=\"true\"><\/div>\n<\/form>\n<\/div>\n[\/vc_column][\/vc_row][vc_row type=&#8221;container&#8221; padding_top=&#8221;&#8221; padding_bottom=&#8221;&#8221; css=&#8221;.vc_custom_1509993604018{margin-top: 20px !important;margin-bottom: 40px !important;}&#8221;][vc_column][vc_separator color=&#8221;#4778b8&#8243; type=&#8221;normal&#8221; thickness=&#8221;1&#8243; up=&#8221;&#8221; down=&#8221;&#8221;][\/vc_column][\/vc_row]<\/p>\n<\/div>","protected":false},"excerpt":{"rendered":"<p>[vc_row type=&#8221;container&#8221; padding_top=&#8221;&#8221; padding_bottom=&#8221;&#8221; css=&#8221;.vc_custom_1506768044418{margin-top: 20px !important;}&#8221;][vc_column width=&#8221;1\/6&#8243;][\/vc_column][vc_column width=&#8221;2\/3&#8243;][vc_column_text] Kontaktieren Sie uns [\/vc_column_text][\/vc_column][vc_column width=&#8221;1\/6&#8243;][\/vc_column][\/vc_row][vc_row type=&#8221;container&#8221; padding_top=&#8221;&#8221; padding_bottom=&#8221;&#8221; css=&#8221;.vc_custom_1506767149712{margin-top: 30px !important;}&#8221;][vc_column][vc_column_text] Wir sind im Handumdrehen bei Ihnen! Egal, ob Sie im Birsigtal oder Fricktal, in Basel oder Olten zuhause sind. Denn von unserem Sitz an Sissachs Hauptstrasse ist die Autobahn bloss einen Katzensprung entfernt. Und wie [&hellip;]<\/p>\n","protected":false},"author":4,"featured_media":70782,"parent":0,"menu_order":0,"comment_status":"closed","ping_status":"closed","template":"page-full-width.php","meta":{"_acf_changed":false,"footnotes":""},"class_list":["post-71078","page","type-page","status-publish","has-post-thumbnail","hentry"],"acf":[],"yoast_head":"<!-- This site is optimized with the Yoast SEO plugin v26.7 - https:\/\/yoast.com\/wordpress\/plugins\/seo\/ -->\n<title>Kontakt - Linsalata<\/title>\n<meta name=\"robots\" content=\"index, follow, max-snippet:-1, max-image-preview:large, max-video-preview:-1\" \/>\n<link rel=\"canonical\" href=\"https:\/\/linsalata.ch\/?page_id=71078\" \/>\n<meta property=\"og:locale\" content=\"de_DE\" \/>\n<meta property=\"og:type\" content=\"article\" \/>\n<meta property=\"og:title\" content=\"Kontakt - Linsalata\" \/>\n<meta property=\"og:description\" content=\"[vc_row type=&#8221;container&#8221; padding_top=&#8221;&#8221; padding_bottom=&#8221;&#8221; css=&#8221;.vc_custom_1506768044418{margin-top: 20px !important;}&#8221;][vc_column width=&#8221;1\/6&#8243;][\/vc_column][vc_column width=&#8221;2\/3&#8243;][vc_column_text] Kontaktieren Sie uns [\/vc_column_text][\/vc_column][vc_column width=&#8221;1\/6&#8243;][\/vc_column][\/vc_row][vc_row type=&#8221;container&#8221; padding_top=&#8221;&#8221; padding_bottom=&#8221;&#8221; css=&#8221;.vc_custom_1506767149712{margin-top: 30px !important;}&#8221;][vc_column][vc_column_text] Wir sind im Handumdrehen bei Ihnen! Egal, ob Sie im Birsigtal oder Fricktal, in Basel oder Olten zuhause sind. Denn von unserem Sitz an Sissachs Hauptstrasse ist die Autobahn bloss einen Katzensprung entfernt. Und wie [&hellip;]\" \/>\n<meta property=\"og:url\" content=\"https:\/\/linsalata.ch\/?page_id=71078\" \/>\n<meta property=\"og:site_name\" content=\"Linsalata\" \/>\n<meta property=\"article:modified_time\" content=\"2023-11-24T08:15:54+00:00\" \/>\n<meta name=\"twitter:card\" content=\"summary_large_image\" \/>\n<meta name=\"twitter:label1\" content=\"Gesch\u00e4tzte Lesezeit\" \/>\n\t<meta name=\"twitter:data1\" content=\"3\u00a0Minuten\" \/>\n<script type=\"application\/ld+json\" class=\"yoast-schema-graph\">{\"@context\":\"https:\/\/schema.org\",\"@graph\":[{\"@type\":\"WebPage\",\"@id\":\"https:\/\/linsalata.ch\/?page_id=71078\",\"url\":\"https:\/\/linsalata.ch\/?page_id=71078\",\"name\":\"Kontakt - Linsalata\",\"isPartOf\":{\"@id\":\"https:\/\/linsalata.ch\/#website\"},\"primaryImageOfPage\":{\"@id\":\"https:\/\/linsalata.ch\/?page_id=71078#primaryimage\"},\"image\":{\"@id\":\"https:\/\/linsalata.ch\/?page_id=71078#primaryimage\"},\"thumbnailUrl\":\"\",\"datePublished\":\"2017-09-29T21:28:14+00:00\",\"dateModified\":\"2023-11-24T08:15:54+00:00\",\"breadcrumb\":{\"@id\":\"https:\/\/linsalata.ch\/?page_id=71078#breadcrumb\"},\"inLanguage\":\"de\",\"potentialAction\":[{\"@type\":\"ReadAction\",\"target\":[\"https:\/\/linsalata.ch\/?page_id=71078\"]}]},{\"@type\":\"ImageObject\",\"inLanguage\":\"de\",\"@id\":\"https:\/\/linsalata.ch\/?page_id=71078#primaryimage\",\"url\":\"\",\"contentUrl\":\"\"},{\"@type\":\"BreadcrumbList\",\"@id\":\"https:\/\/linsalata.ch\/?page_id=71078#breadcrumb\",\"itemListElement\":[{\"@type\":\"ListItem\",\"position\":1,\"name\":\"Startseite\",\"item\":\"https:\/\/linsalata.ch\/\"},{\"@type\":\"ListItem\",\"position\":2,\"name\":\"Kontakt\"}]},{\"@type\":\"WebSite\",\"@id\":\"https:\/\/linsalata.ch\/#website\",\"url\":\"https:\/\/linsalata.ch\/\",\"name\":\"Linsalata\",\"description\":\"Eine weitere WordPress page\",\"potentialAction\":[{\"@type\":\"SearchAction\",\"target\":{\"@type\":\"EntryPoint\",\"urlTemplate\":\"https:\/\/linsalata.ch\/?s={search_term_string}\"},\"query-input\":{\"@type\":\"PropertyValueSpecification\",\"valueRequired\":true,\"valueName\":\"search_term_string\"}}],\"inLanguage\":\"de\"}]}<\/script>\n<!-- \/ Yoast SEO plugin. -->","yoast_head_json":{"title":"Kontakt - Linsalata","robots":{"index":"index","follow":"follow","max-snippet":"max-snippet:-1","max-image-preview":"max-image-preview:large","max-video-preview":"max-video-preview:-1"},"canonical":"https:\/\/linsalata.ch\/?page_id=71078","og_locale":"de_DE","og_type":"article","og_title":"Kontakt - Linsalata","og_description":"[vc_row type=&#8221;container&#8221; padding_top=&#8221;&#8221; padding_bottom=&#8221;&#8221; css=&#8221;.vc_custom_1506768044418{margin-top: 20px !important;}&#8221;][vc_column width=&#8221;1\/6&#8243;][\/vc_column][vc_column width=&#8221;2\/3&#8243;][vc_column_text] Kontaktieren Sie uns [\/vc_column_text][\/vc_column][vc_column width=&#8221;1\/6&#8243;][\/vc_column][\/vc_row][vc_row type=&#8221;container&#8221; padding_top=&#8221;&#8221; padding_bottom=&#8221;&#8221; css=&#8221;.vc_custom_1506767149712{margin-top: 30px !important;}&#8221;][vc_column][vc_column_text] Wir sind im Handumdrehen bei Ihnen! Egal, ob Sie im Birsigtal oder Fricktal, in Basel oder Olten zuhause sind. Denn von unserem Sitz an Sissachs Hauptstrasse ist die Autobahn bloss einen Katzensprung entfernt. Und wie [&hellip;]","og_url":"https:\/\/linsalata.ch\/?page_id=71078","og_site_name":"Linsalata","article_modified_time":"2023-11-24T08:15:54+00:00","twitter_card":"summary_large_image","twitter_misc":{"Gesch\u00e4tzte Lesezeit":"3\u00a0Minuten"},"schema":{"@context":"https:\/\/schema.org","@graph":[{"@type":"WebPage","@id":"https:\/\/linsalata.ch\/?page_id=71078","url":"https:\/\/linsalata.ch\/?page_id=71078","name":"Kontakt - Linsalata","isPartOf":{"@id":"https:\/\/linsalata.ch\/#website"},"primaryImageOfPage":{"@id":"https:\/\/linsalata.ch\/?page_id=71078#primaryimage"},"image":{"@id":"https:\/\/linsalata.ch\/?page_id=71078#primaryimage"},"thumbnailUrl":"","datePublished":"2017-09-29T21:28:14+00:00","dateModified":"2023-11-24T08:15:54+00:00","breadcrumb":{"@id":"https:\/\/linsalata.ch\/?page_id=71078#breadcrumb"},"inLanguage":"de","potentialAction":[{"@type":"ReadAction","target":["https:\/\/linsalata.ch\/?page_id=71078"]}]},{"@type":"ImageObject","inLanguage":"de","@id":"https:\/\/linsalata.ch\/?page_id=71078#primaryimage","url":"","contentUrl":""},{"@type":"BreadcrumbList","@id":"https:\/\/linsalata.ch\/?page_id=71078#breadcrumb","itemListElement":[{"@type":"ListItem","position":1,"name":"Startseite","item":"https:\/\/linsalata.ch\/"},{"@type":"ListItem","position":2,"name":"Kontakt"}]},{"@type":"WebSite","@id":"https:\/\/linsalata.ch\/#website","url":"https:\/\/linsalata.ch\/","name":"Linsalata","description":"Eine weitere WordPress page","potentialAction":[{"@type":"SearchAction","target":{"@type":"EntryPoint","urlTemplate":"https:\/\/linsalata.ch\/?s={search_term_string}"},"query-input":{"@type":"PropertyValueSpecification","valueRequired":true,"valueName":"search_term_string"}}],"inLanguage":"de"}]}},"_links":{"self":[{"href":"https:\/\/linsalata.ch\/index.php?rest_route=\/wp\/v2\/pages\/71078","targetHints":{"allow":["GET"]}}],"collection":[{"href":"https:\/\/linsalata.ch\/index.php?rest_route=\/wp\/v2\/pages"}],"about":[{"href":"https:\/\/linsalata.ch\/index.php?rest_route=\/wp\/v2\/types\/page"}],"author":[{"embeddable":true,"href":"https:\/\/linsalata.ch\/index.php?rest_route=\/wp\/v2\/users\/4"}],"replies":[{"embeddable":true,"href":"https:\/\/linsalata.ch\/index.php?rest_route=%2Fwp%2Fv2%2Fcomments&post=71078"}],"version-history":[{"count":77,"href":"https:\/\/linsalata.ch\/index.php?rest_route=\/wp\/v2\/pages\/71078\/revisions"}],"predecessor-version":[{"id":71689,"href":"https:\/\/linsalata.ch\/index.php?rest_route=\/wp\/v2\/pages\/71078\/revisions\/71689"}],"wp:featuredmedia":[{"embeddable":true,"href":"https:\/\/linsalata.ch\/index.php?rest_route=\/"}],"wp:attachment":[{"href":"https:\/\/linsalata.ch\/index.php?rest_route=%2Fwp%2Fv2%2Fmedia&parent=71078"}],"curies":[{"name":"wp","href":"https:\/\/api.w.org\/{rel}","templated":true}]}}