{"id":70470,"date":"2015-10-06T12:21:51","date_gmt":"2015-10-06T12:21:51","guid":{"rendered":"http:\/\/broker.commercegurus.com\/?page_id=5"},"modified":"2024-11-21T08:09:39","modified_gmt":"2024-11-21T08:09:39","slug":"home","status":"publish","type":"page","link":"https:\/\/linsalata.ch\/","title":{"rendered":"Home"},"content":{"rendered":"<div class=\"wpb-content-wrapper\"><p>[vc_row type=&#8221;full_page_width&#8221; padding_top=&#8221;&#8221; padding_bottom=&#8221;&#8221;][vc_column css=&#8221;.vc_custom_1451675335363{margin-bottom: -35px !important;padding-right: 0px !important;padding-left: 0px !important;}&#8221;][rev_slider_vc alias=&#8221;main&#8221;][\/vc_column][\/vc_row][vc_row type=&#8221;full_page_width&#8221; css=&#8221;.vc_custom_1506979252360{border-top-width: -40px !important;padding-bottom: -70px !important;background-color: #4c89bf !important;}&#8221;][vc_column][vc_column_text]<\/p>\n<h3 style=\"text-align: center;\"><span style=\"color: #ffffff;\"><strong>Qualit\u00e4tsarbeit, zufriedene Kunden und Einsatz<\/strong><\/span><span style=\"color: #ffffff;\"><strong> mit Hand und Herz.<\/strong><\/span><\/h3>\n<p>[\/vc_column_text][\/vc_column][\/vc_row][vc_row type=&#8221;full_page_width&#8221; padding_top=&#8221;&#8221; padding_bottom=&#8221;&#8221;][vc_column width=&#8221;1\/4&#8243; css=&#8221;.vc_custom_1506979323934{margin-top: 50px !important;}&#8221;][\/vc_column][vc_column width=&#8221;1\/4&#8243; css=&#8221;.vc_custom_1506979319173{margin-top: 50px !important;}&#8221;][vc_single_image image=&#8221;71302&#8243; img_size=&#8221;300&#215;200&#8243; alignment=&#8221;center&#8221; style=&#8221;vc_box_shadow_3d&#8221; onclick=&#8221;custom_link&#8221; link=&#8221;http:\/\/linsalata.ch\/?page_id=147&#8243; el_class=&#8221;zoom&#8221; css=&#8221;.vc_custom_1554798574713{margin-bottom: -10px !important;}&#8221;][vc_column_text]<\/p>\n<h4 class=\"feature\" style=\"text-align: center;\"><span style=\"color: #0000ff;\"><strong><a href=\"http:\/\/linsalata.ch\/?page_id=147\" rel=\"noopener\">Sanit\u00e4r<\/a><\/strong><\/span><\/h4>\n<p>[\/vc_column_text][\/vc_column][vc_column width=&#8221;1\/4&#8243; css=&#8221;.vc_custom_1506979314015{margin-top: 50px !important;}&#8221;][vc_single_image image=&#8221;71500&#8243; img_size=&#8221;300&#215;200&#8243; alignment=&#8221;center&#8221; style=&#8221;vc_box_shadow_3d&#8221; onclick=&#8221;custom_link&#8221; link=&#8221;http:\/\/linsalata.ch\/?page_id=110&#8243; el_class=&#8221;zoom&#8221; css=&#8221;.vc_custom_1554798937666{margin-bottom: -10px !important;}&#8221;][vc_column_text]<\/p>\n<h4 class=\"feature\" style=\"text-align: center;\"><span style=\"color: #0000ff;\"><a href=\"http:\/\/linsalata.ch\/?page_id=110\" rel=\"noopener\"><strong>24-Stunden-Service<\/strong><\/a><\/span><\/h4>\n<p>[\/vc_column_text][\/vc_column][vc_column width=&#8221;1\/4&#8243; css=&#8221;.vc_custom_1506983187391{margin-top: 50px !important;}&#8221;][\/vc_column][\/vc_row][vc_row type=&#8221;container&#8221;][vc_column][vc_column_text css=&#8221;.vc_custom_1506799489106{margin-bottom: 15px !important;}&#8221;]<\/p>\n<h2 style=\"margin-top: 22px; text-align: center;\">\u00dcber uns<\/h2>\n<p>[\/vc_column_text][\/vc_column][\/vc_row][vc_row type=&#8221;container&#8221; padding_top=&#8221;&#8221; padding_bottom=&#8221;&#8221; css=&#8221;.vc_custom_1451746323872{margin-bottom: 35px !important;padding-top: 30px !important;}&#8221;][vc_column width=&#8221;1\/2&#8243; css=&#8221;.vc_custom_1507624190733{margin-top: 20px !important;margin-bottom: 0px !important;}&#8221;][vc_single_image image=&#8221;71680&#8243; img_size=&#8221;full&#8221; alignment=&#8221;center&#8221; style=&#8221;vc_box_shadow_3d&#8221;][\/vc_column][vc_column width=&#8221;1\/2&#8243;][vc_column_text css=&#8221;.vc_custom_1732176492789{margin-top: 30px !important;}&#8221;]Die Linsalata Geb\u00e4udetechnik ist ein Familienunternehmen, das 1974 von Donato Linsalata gegr\u00fcndet und 1989 von seinem Sohn Michele Linsalata \u00fcbernommen wurde und heute als erfahrener Partner gilt, wenn es darum geht, eine Sanit\u00e4rarbeit auszuf\u00fchren. Die Firma mit Sitz in 4450 Sissach steht f\u00fcr Qualit\u00e4tsarbeit, zufriedene Kunden und Einsatz mit Hand und Herz<\/p>\n<p>Aus dem Handgelenk heraus: leidenschaftliche Geb\u00e4udetechniker. Etwas handfester: ein Familienunternehmen, das seit seiner Gr\u00fcndung im Jahre 1974 prosperiert und heute als erfahrener Partner in der Gebaudetechnik-Branche gilt.<\/p>\n<p>&#8230;<a href=\"http:\/\/linsalata.ch\/?page_id=69\">Mehr lesen\u00a0<\/a>[\/vc_column_text][\/vc_column][\/vc_row][vc_row type=&#8221;container&#8221;][vc_column][vc_separator color=&#8221;#eeeeee&#8221; type=&#8221;normal&#8221; thickness=&#8221;1&#8243; up=&#8221;&#8221; down=&#8221;&#8221;][\/vc_column][\/vc_row][vc_row type=&#8221;full_page_width_inner_container&#8221; padding_top=&#8221;&#8221; padding_bottom=&#8221;&#8221; css=&#8221;.vc_custom_1602482957419{margin-bottom: 0px !important;padding-top: 15px !important;padding-bottom: 55px !important;background: #ededed url(http:\/\/factory.commercegurus.com\/wp-content\/uploads\/2015\/10\/glass_bg.jpg?id=70876) !important;background-position: center !important;background-repeat: no-repeat !important;background-size: cover !important;}&#8221;][vc_column][vc_column_text css=&#8221;.vc_custom_1602482931348{margin-bottom: 25px !important;}&#8221;]<\/p>\n<h2 style=\"text-align: center;\"><span style=\"color: #4c89bf;\">Das B\u00fcro-Team<\/span><\/h2>\n<p>[\/vc_column_text]\t<div  class=\"ex-tplist ex-tpcarousel  style-20 fct-\" id=\"ex-6599\" data-autoplay=\"0\" data-speed=\"\" data-rtl=\"\" data-slidesshow=\"4\"  data-start_on=\"\" data-infinite=\"\" data-slidestoscroll=\"4\">\r\n    \t\t\t<div class=\"ctgrid\">\r\n\t\t<div class=\"item-grid\" data-id=\"ex_id-ex-6599-71522\"> \t\t\t\t\t<div class=\"exp-arrow \" \r\n\t\t\t\t\t >\r\n\t\t\t\t\t\t\t\t\t\t\t\t<figure class=\"tpstyle-20 tpstyle-20-blue tppost-71522\">\r\n  <div class=\"tpstyle-20-image\">\r\n    <a href=\"javascript:;\" class=\"\">\r\n      <img loading=\"lazy\" decoding=\"async\" width=\"2048\" height=\"1365\" src=\"https:\/\/linsalata.ch\/wp-content\/uploads\/2020\/02\/241108_Linsalata_Michele_088.jpg\" class=\"attachment-full size-full wp-post-image\" alt=\"\" srcset=\"https:\/\/linsalata.ch\/wp-content\/uploads\/2020\/02\/241108_Linsalata_Michele_088.jpg 2048w, https:\/\/linsalata.ch\/wp-content\/uploads\/2020\/02\/241108_Linsalata_Michele_088-300x200.jpg 300w, https:\/\/linsalata.ch\/wp-content\/uploads\/2020\/02\/241108_Linsalata_Michele_088-768x512.jpg 768w, https:\/\/linsalata.ch\/wp-content\/uploads\/2020\/02\/241108_Linsalata_Michele_088-1024x683.jpg 1024w\" sizes=\"auto, (max-width: 2048px) 100vw, 2048px\" \/>          <\/a>\r\n    <div class=\"tpstyle-20-icons\">\r\n          <\/div>\r\n  <\/div>\r\n  <figcaption>\r\n    <h3><a href=\"javascript:;\">Michele Linsalata<\/a><\/h3>\r\n        \t<p>Inhaber &#8211; Gesch\u00e4ftsleitung &nbsp;<\/p>\r\n\t  <\/figcaption>\r\n  <\/figure>\r\n\t\t\t\t\t<div class=\"exclearfix\"><\/div>\r\n\t\t\t\t\t<\/div>\r\n\t\t\t\t\t<\/div><div class=\"item-grid\" data-id=\"ex_id-ex-6599-71527\"> \t\t\t\t\t<div class=\"exp-arrow \" \r\n\t\t\t\t\t >\r\n\t\t\t\t\t\t\t\t\t\t\t\t<figure class=\"tpstyle-20 tpstyle-20-blue tppost-71527\">\r\n  <div class=\"tpstyle-20-image\">\r\n    <a href=\"javascript:;\" class=\"\">\r\n      <img loading=\"lazy\" decoding=\"async\" width=\"2048\" height=\"1365\" src=\"https:\/\/linsalata.ch\/wp-content\/uploads\/2020\/02\/241108_Linsalata_Adriana_126.jpg\" class=\"attachment-full size-full wp-post-image\" alt=\"\" srcset=\"https:\/\/linsalata.ch\/wp-content\/uploads\/2020\/02\/241108_Linsalata_Adriana_126.jpg 2048w, https:\/\/linsalata.ch\/wp-content\/uploads\/2020\/02\/241108_Linsalata_Adriana_126-300x200.jpg 300w, https:\/\/linsalata.ch\/wp-content\/uploads\/2020\/02\/241108_Linsalata_Adriana_126-768x512.jpg 768w, https:\/\/linsalata.ch\/wp-content\/uploads\/2020\/02\/241108_Linsalata_Adriana_126-1024x683.jpg 1024w\" sizes=\"auto, (max-width: 2048px) 100vw, 2048px\" \/>          <\/a>\r\n    <div class=\"tpstyle-20-icons\">\r\n          <\/div>\r\n  <\/div>\r\n  <figcaption>\r\n    <h3><a href=\"javascript:;\">Adriana Linsalata<\/a><\/h3>\r\n        \t<p>Mitinhaberin &#8211; Personal, Finanzen<\/p>\r\n\t  <\/figcaption>\r\n  <\/figure>\r\n\t\t\t\t\t<div class=\"exclearfix\"><\/div>\r\n\t\t\t\t\t<\/div>\r\n\t\t\t\t\t<\/div><div class=\"item-grid\" data-id=\"ex_id-ex-6599-71743\"> \t\t\t\t\t<div class=\"exp-arrow \" \r\n\t\t\t\t\t >\r\n\t\t\t\t\t\t\t\t\t\t\t\t<figure class=\"tpstyle-20 tpstyle-20-blue tppost-71743\">\r\n  <div class=\"tpstyle-20-image\">\r\n    <a href=\"javascript:;\" class=\"\">\r\n      <img loading=\"lazy\" decoding=\"async\" width=\"2048\" height=\"1365\" src=\"https:\/\/linsalata.ch\/wp-content\/uploads\/2024\/11\/241108_Linsalata_Pricoli_119.jpg\" class=\"attachment-full size-full wp-post-image\" alt=\"\" srcset=\"https:\/\/linsalata.ch\/wp-content\/uploads\/2024\/11\/241108_Linsalata_Pricoli_119.jpg 2048w, https:\/\/linsalata.ch\/wp-content\/uploads\/2024\/11\/241108_Linsalata_Pricoli_119-300x200.jpg 300w, https:\/\/linsalata.ch\/wp-content\/uploads\/2024\/11\/241108_Linsalata_Pricoli_119-768x512.jpg 768w, https:\/\/linsalata.ch\/wp-content\/uploads\/2024\/11\/241108_Linsalata_Pricoli_119-1024x683.jpg 1024w\" sizes=\"auto, (max-width: 2048px) 100vw, 2048px\" \/>          <\/a>\r\n    <div class=\"tpstyle-20-icons\">\r\n          <\/div>\r\n  <\/div>\r\n  <figcaption>\r\n    <h3><a href=\"javascript:;\">Leonardo Pricoli<\/a><\/h3>\r\n        \t<p>Leitender Sanit\u00e4rmonteur<\/p>\r\n\t  <\/figcaption>\r\n  <\/figure>\r\n\t\t\t\t\t<div class=\"exclearfix\"><\/div>\r\n\t\t\t\t\t<\/div>\r\n\t\t\t\t\t<\/div><div class=\"item-grid\" data-id=\"ex_id-ex-6599-71618\"> \t\t\t\t\t<div class=\"exp-arrow \" \r\n\t\t\t\t\t >\r\n\t\t\t\t\t\t\t\t\t\t\t\t<figure class=\"tpstyle-20 tpstyle-20-blue tppost-71618\">\r\n  <div class=\"tpstyle-20-image\">\r\n    <a href=\"javascript:;\" class=\"\">\r\n      <img loading=\"lazy\" decoding=\"async\" width=\"2048\" height=\"1366\" src=\"https:\/\/linsalata.ch\/wp-content\/uploads\/2020\/10\/241108_Linsalata_Marcin_023.jpg\" class=\"attachment-full size-full wp-post-image\" alt=\"\" srcset=\"https:\/\/linsalata.ch\/wp-content\/uploads\/2020\/10\/241108_Linsalata_Marcin_023.jpg 2048w, https:\/\/linsalata.ch\/wp-content\/uploads\/2020\/10\/241108_Linsalata_Marcin_023-300x200.jpg 300w, https:\/\/linsalata.ch\/wp-content\/uploads\/2020\/10\/241108_Linsalata_Marcin_023-768x512.jpg 768w, https:\/\/linsalata.ch\/wp-content\/uploads\/2020\/10\/241108_Linsalata_Marcin_023-1024x683.jpg 1024w\" sizes=\"auto, (max-width: 2048px) 100vw, 2048px\" \/>          <\/a>\r\n    <div class=\"tpstyle-20-icons\">\r\n          <\/div>\r\n  <\/div>\r\n  <figcaption>\r\n    <h3><a href=\"javascript:;\">Marcin Stwora<\/a><\/h3>\r\n        \t<p>Leiter Sanit\u00e4r<\/p>\r\n\t  <\/figcaption>\r\n  <\/figure>\r\n\t\t\t\t\t<div class=\"exclearfix\"><\/div>\r\n\t\t\t\t\t<\/div>\r\n\t\t\t\t\t<\/div><div class=\"item-grid\" data-id=\"ex_id-ex-6599-71620\"> \t\t\t\t\t<div class=\"exp-arrow \" \r\n\t\t\t\t\t >\r\n\t\t\t\t\t\t\t\t\t\t\t\t<figure class=\"tpstyle-20 tpstyle-20-blue tppost-71620\">\r\n  <div class=\"tpstyle-20-image\">\r\n    <a href=\"javascript:;\" class=\"\">\r\n      <img loading=\"lazy\" decoding=\"async\" width=\"2048\" height=\"1366\" src=\"https:\/\/linsalata.ch\/wp-content\/uploads\/2020\/10\/241108_Linsalata_Caruso_033.jpg\" class=\"attachment-full size-full wp-post-image\" alt=\"\" srcset=\"https:\/\/linsalata.ch\/wp-content\/uploads\/2020\/10\/241108_Linsalata_Caruso_033.jpg 2048w, https:\/\/linsalata.ch\/wp-content\/uploads\/2020\/10\/241108_Linsalata_Caruso_033-300x200.jpg 300w, https:\/\/linsalata.ch\/wp-content\/uploads\/2020\/10\/241108_Linsalata_Caruso_033-768x512.jpg 768w, https:\/\/linsalata.ch\/wp-content\/uploads\/2020\/10\/241108_Linsalata_Caruso_033-1024x683.jpg 1024w\" sizes=\"auto, (max-width: 2048px) 100vw, 2048px\" \/>          <\/a>\r\n    <div class=\"tpstyle-20-icons\">\r\n          <\/div>\r\n  <\/div>\r\n  <figcaption>\r\n    <h3><a href=\"javascript:;\">Sabrina Caruso<\/a><\/h3>\r\n        \t<p>Sekretariat<\/p>\r\n\t  <\/figcaption>\r\n  <\/figure>\r\n\t\t\t\t\t<div class=\"exclearfix\"><\/div>\r\n\t\t\t\t\t<\/div>\r\n\t\t\t\t\t<\/div>\t\t<\/div>\r\n        \t<\/div>\r\n\t[\/vc_column][\/vc_row][vc_row type=&#8221;container&#8221;][vc_column][\/vc_column][\/vc_row]<\/p>\n<\/div>","protected":false},"excerpt":{"rendered":"<p>[vc_row type=&#8221;full_page_width&#8221; padding_top=&#8221;&#8221; padding_bottom=&#8221;&#8221;][vc_column css=&#8221;.vc_custom_1451675335363{margin-bottom: -35px !important;padding-right: 0px !important;padding-left: 0px !important;}&#8221;][rev_slider_vc alias=&#8221;main&#8221;][\/vc_column][\/vc_row][vc_row type=&#8221;full_page_width&#8221; css=&#8221;.vc_custom_1506979252360{border-top-width: -40px !important;padding-bottom: -70px !important;background-color: #4c89bf !important;}&#8221;][vc_column][vc_column_text] Qualit\u00e4tsarbeit, zufriedene Kunden und Einsatz mit Hand und Herz. [\/vc_column_text][\/vc_column][\/vc_row][vc_row type=&#8221;full_page_width&#8221; padding_top=&#8221;&#8221; padding_bottom=&#8221;&#8221;][vc_column width=&#8221;1\/4&#8243; css=&#8221;.vc_custom_1506979323934{margin-top: 50px !important;}&#8221;][\/vc_column][vc_column width=&#8221;1\/4&#8243; css=&#8221;.vc_custom_1506979319173{margin-top: 50px !important;}&#8221;][vc_single_image image=&#8221;71302&#8243; img_size=&#8221;300&#215;200&#8243; alignment=&#8221;center&#8221; style=&#8221;vc_box_shadow_3d&#8221; onclick=&#8221;custom_link&#8221; link=&#8221;http:\/\/linsalata.ch\/?page_id=147&#8243; el_class=&#8221;zoom&#8221; css=&#8221;.vc_custom_1554798574713{margin-bottom: -10px !important;}&#8221;][vc_column_text] Sanit\u00e4r [\/vc_column_text][\/vc_column][vc_column width=&#8221;1\/4&#8243; css=&#8221;.vc_custom_1506979314015{margin-top: [&hellip;]<\/p>\n","protected":false},"author":4,"featured_media":0,"parent":0,"menu_order":0,"comment_status":"closed","ping_status":"closed","template":"page-full-width.php","meta":{"_acf_changed":false,"footnotes":""},"class_list":["post-70470","page","type-page","status-publish","hentry"],"acf":[],"yoast_head":"<!-- This site is optimized with the Yoast SEO plugin v26.7 - https:\/\/yoast.com\/wordpress\/plugins\/seo\/ -->\n<title>Home - Linsalata<\/title>\n<meta name=\"description\" content=\"We work on the forefront of innovation and technology to take products from an idea all the way to the end consumer.\" \/>\n<meta name=\"robots\" content=\"index, follow, max-snippet:-1, max-image-preview:large, max-video-preview:-1\" \/>\n<link rel=\"canonical\" href=\"https:\/\/linsalata.ch\/\" \/>\n<meta property=\"og:locale\" content=\"de_DE\" \/>\n<meta property=\"og:type\" content=\"article\" \/>\n<meta property=\"og:title\" content=\"Home - Linsalata\" \/>\n<meta property=\"og:description\" content=\"We work on the forefront of innovation and technology to take products from an idea all the way to the end consumer.\" \/>\n<meta property=\"og:url\" content=\"https:\/\/linsalata.ch\/\" \/>\n<meta property=\"og:site_name\" content=\"Linsalata\" \/>\n<meta property=\"article:modified_time\" content=\"2024-11-21T08:09:39+00:00\" \/>\n<meta name=\"twitter:card\" content=\"summary_large_image\" \/>\n<meta name=\"twitter:label1\" content=\"Gesch\u00e4tzte Lesezeit\" \/>\n\t<meta name=\"twitter:data1\" content=\"2\u00a0Minuten\" \/>\n<script type=\"application\/ld+json\" class=\"yoast-schema-graph\">{\"@context\":\"https:\/\/schema.org\",\"@graph\":[{\"@type\":\"WebPage\",\"@id\":\"https:\/\/linsalata.ch\/\",\"url\":\"https:\/\/linsalata.ch\/\",\"name\":\"Home - Linsalata\",\"isPartOf\":{\"@id\":\"https:\/\/linsalata.ch\/#website\"},\"datePublished\":\"2015-10-06T12:21:51+00:00\",\"dateModified\":\"2024-11-21T08:09:39+00:00\",\"description\":\"We work on the forefront of innovation and technology to take products from an idea all the way to the end consumer.\",\"breadcrumb\":{\"@id\":\"https:\/\/linsalata.ch\/#breadcrumb\"},\"inLanguage\":\"de\",\"potentialAction\":[{\"@type\":\"ReadAction\",\"target\":[\"https:\/\/linsalata.ch\/\"]}]},{\"@type\":\"BreadcrumbList\",\"@id\":\"https:\/\/linsalata.ch\/#breadcrumb\",\"itemListElement\":[{\"@type\":\"ListItem\",\"position\":1,\"name\":\"Startseite\",\"item\":\"https:\/\/linsalata.ch\/\"},{\"@type\":\"ListItem\",\"position\":2,\"name\":\"Home\"}]},{\"@type\":\"WebSite\",\"@id\":\"https:\/\/linsalata.ch\/#website\",\"url\":\"https:\/\/linsalata.ch\/\",\"name\":\"Linsalata\",\"description\":\"Eine weitere WordPress page\",\"potentialAction\":[{\"@type\":\"SearchAction\",\"target\":{\"@type\":\"EntryPoint\",\"urlTemplate\":\"https:\/\/linsalata.ch\/?s={search_term_string}\"},\"query-input\":{\"@type\":\"PropertyValueSpecification\",\"valueRequired\":true,\"valueName\":\"search_term_string\"}}],\"inLanguage\":\"de\"}]}<\/script>\n<!-- \/ Yoast SEO plugin. -->","yoast_head_json":{"title":"Home - Linsalata","description":"We work on the forefront of innovation and technology to take products from an idea all the way to the end consumer.","robots":{"index":"index","follow":"follow","max-snippet":"max-snippet:-1","max-image-preview":"max-image-preview:large","max-video-preview":"max-video-preview:-1"},"canonical":"https:\/\/linsalata.ch\/","og_locale":"de_DE","og_type":"article","og_title":"Home - Linsalata","og_description":"We work on the forefront of innovation and technology to take products from an idea all the way to the end consumer.","og_url":"https:\/\/linsalata.ch\/","og_site_name":"Linsalata","article_modified_time":"2024-11-21T08:09:39+00:00","twitter_card":"summary_large_image","twitter_misc":{"Gesch\u00e4tzte Lesezeit":"2\u00a0Minuten"},"schema":{"@context":"https:\/\/schema.org","@graph":[{"@type":"WebPage","@id":"https:\/\/linsalata.ch\/","url":"https:\/\/linsalata.ch\/","name":"Home - Linsalata","isPartOf":{"@id":"https:\/\/linsalata.ch\/#website"},"datePublished":"2015-10-06T12:21:51+00:00","dateModified":"2024-11-21T08:09:39+00:00","description":"We work on the forefront of innovation and technology to take products from an idea all the way to the end consumer.","breadcrumb":{"@id":"https:\/\/linsalata.ch\/#breadcrumb"},"inLanguage":"de","potentialAction":[{"@type":"ReadAction","target":["https:\/\/linsalata.ch\/"]}]},{"@type":"BreadcrumbList","@id":"https:\/\/linsalata.ch\/#breadcrumb","itemListElement":[{"@type":"ListItem","position":1,"name":"Startseite","item":"https:\/\/linsalata.ch\/"},{"@type":"ListItem","position":2,"name":"Home"}]},{"@type":"WebSite","@id":"https:\/\/linsalata.ch\/#website","url":"https:\/\/linsalata.ch\/","name":"Linsalata","description":"Eine weitere WordPress page","potentialAction":[{"@type":"SearchAction","target":{"@type":"EntryPoint","urlTemplate":"https:\/\/linsalata.ch\/?s={search_term_string}"},"query-input":{"@type":"PropertyValueSpecification","valueRequired":true,"valueName":"search_term_string"}}],"inLanguage":"de"}]}},"_links":{"self":[{"href":"https:\/\/linsalata.ch\/index.php?rest_route=\/wp\/v2\/pages\/70470","targetHints":{"allow":["GET"]}}],"collection":[{"href":"https:\/\/linsalata.ch\/index.php?rest_route=\/wp\/v2\/pages"}],"about":[{"href":"https:\/\/linsalata.ch\/index.php?rest_route=\/wp\/v2\/types\/page"}],"author":[{"embeddable":true,"href":"https:\/\/linsalata.ch\/index.php?rest_route=\/wp\/v2\/users\/4"}],"replies":[{"embeddable":true,"href":"https:\/\/linsalata.ch\/index.php?rest_route=%2Fwp%2Fv2%2Fcomments&post=70470"}],"version-history":[{"count":158,"href":"https:\/\/linsalata.ch\/index.php?rest_route=\/wp\/v2\/pages\/70470\/revisions"}],"predecessor-version":[{"id":71733,"href":"https:\/\/linsalata.ch\/index.php?rest_route=\/wp\/v2\/pages\/70470\/revisions\/71733"}],"wp:attachment":[{"href":"https:\/\/linsalata.ch\/index.php?rest_route=%2Fwp%2Fv2%2Fmedia&parent=70470"}],"curies":[{"name":"wp","href":"https:\/\/api.w.org\/{rel}","templated":true}]}}