{"id":69,"date":"2015-10-07T17:11:55","date_gmt":"2015-10-07T17:11:55","guid":{"rendered":"http:\/\/broker.commercegurus.com\/?page_id=69"},"modified":"2024-11-27T04:19:15","modified_gmt":"2024-11-27T04:19:15","slug":"about","status":"publish","type":"page","link":"https:\/\/linsalata.ch\/?page_id=69","title":{"rendered":"\u00dcber uns"},"content":{"rendered":"<div class=\"wpb-content-wrapper\"><p>[vc_row type=&#8221;container&#8221; padding_top=&#8221;&#8221; padding_bottom=&#8221;&#8221; css=&#8221;.vc_custom_1451761032806{padding-top: 50px !important;}&#8221;][vc_column css=&#8221;.vc_custom_1506979915363{margin-top: 15px !important;margin-bottom: 40px !important;}&#8221;][vc_single_image image=&#8221;71745&#8243; img_size=&#8221;full&#8221;][\/vc_column][\/vc_row][vc_row type=&#8221;container&#8221; padding_top=&#8221;&#8221; padding_bottom=&#8221;&#8221;][vc_column css=&#8221;.vc_custom_1506979915363{margin-top: 15px !important;margin-bottom: 40px !important;}&#8221;][vc_column_text css=&#8221;.vc_custom_1506794550118{padding-right: 10px !important;}&#8221;]<\/p>\n<h3 style=\"text-align: center;\"><strong>\u00dcber uns<\/strong><\/h3>\n<p>[\/vc_column_text][vc_column_text css=&#8221;.vc_custom_1699529490352{margin-top: 15px !important;padding-right: 10px !important;}&#8221;]<\/p>\n<p style=\"text-align: left;\">Die Linsalata Geb\u00e4udetechnik ist ein Familienunternehmen, das 1974 von Donato Linsalata gegr\u00fcndet und 1989 von seinem Sohn Michele Linsalata \u00fcbernommen wurde und heute als erfahrener Partner gilt, wenn es darum geht, eine Sanit\u00e4rarbeit auszuf\u00fchren. Die Firma mit Sitz in 4450 Sissach steht f\u00fcr Qualit\u00e4tsarbeit, zufriedene Kunden und Einsatz mit Hand und Herz.<\/p>\n<p>[\/vc_column_text][vc_column_text css=&#8221;.vc_custom_1699529520075{padding-right: 10px !important;}&#8221;]Aus dem Handgelenk heraus: leidenschaftliche Geb\u00e4udetechniker. Etwas handfester: ein Familienunternehmen, das seit seiner Gr\u00fcndung im Jahre 1974 prosperiert und heute als erfahrener Partner gilt, wenn es darum geht, eine Sanit\u00e4rarbeit auszuf\u00fchren.<\/p>\n<p>Egal, ob wir sanieren, reparieren, neu- oder umbauen: In unseren Handgriffen steckt von der Planung bis zur Realisierung viel Fachkompetenz. Die pflegen wir mit gezielten Investitionen sowie permanenter Weiterbildung unserer Mitarbeiter. Auf die sind wir ganz speziell stolz, ist doch jeder von ihnen ein wahrer Gl\u00fccksgriff und sich f\u00fcr nichts und niemanden zu schade.<\/p>\n<p>Was wir auch pflegen: Qualit\u00e4t. Und zwar bis ins Detail. Bei einschl\u00e4gigen Arbeiten in Industriegeb\u00e4uden genauso wie im privaten Ein- oder Mehrfamilienhaus. Das liegt ganz in der Familie. Und wird traditionell auch so bleiben.[\/vc_column_text][\/vc_column][\/vc_row][vc_row type=&#8221;container&#8221;][vc_column]\t<div  class=\"ex-tplist ex-tpcarousel  style-20 fct-\" id=\"ex-9426\" data-autoplay=\"0\" data-speed=\"\" data-rtl=\"\" data-slidesshow=\"4\"  data-start_on=\"\" data-infinite=\"\" data-slidestoscroll=\"4\">\r\n    \t\t\t<div class=\"ctgrid\">\r\n\t\t<div class=\"item-grid\" data-id=\"ex_id-ex-9426-71522\"> \t\t\t\t\t<div class=\"exp-arrow \" \r\n\t\t\t\t\t >\r\n\t\t\t\t\t\t\t\t\t\t\t\t<figure class=\"tpstyle-20 tpstyle-20-blue tppost-71522\">\r\n  <div class=\"tpstyle-20-image\">\r\n    <a href=\"javascript:;\" class=\"\">\r\n      <img loading=\"lazy\" decoding=\"async\" width=\"2048\" height=\"1365\" src=\"https:\/\/linsalata.ch\/wp-content\/uploads\/2020\/02\/241108_Linsalata_Michele_088.jpg\" class=\"attachment-full size-full wp-post-image\" alt=\"\" srcset=\"https:\/\/linsalata.ch\/wp-content\/uploads\/2020\/02\/241108_Linsalata_Michele_088.jpg 2048w, https:\/\/linsalata.ch\/wp-content\/uploads\/2020\/02\/241108_Linsalata_Michele_088-300x200.jpg 300w, https:\/\/linsalata.ch\/wp-content\/uploads\/2020\/02\/241108_Linsalata_Michele_088-768x512.jpg 768w, https:\/\/linsalata.ch\/wp-content\/uploads\/2020\/02\/241108_Linsalata_Michele_088-1024x683.jpg 1024w\" sizes=\"auto, (max-width: 2048px) 100vw, 2048px\" \/>          <\/a>\r\n    <div class=\"tpstyle-20-icons\">\r\n          <\/div>\r\n  <\/div>\r\n  <figcaption>\r\n    <h3><a href=\"javascript:;\">Michele Linsalata<\/a><\/h3>\r\n        \t<p>Inhaber &#8211; Gesch\u00e4ftsleitung &nbsp;<\/p>\r\n\t  <\/figcaption>\r\n  <\/figure>\r\n\t\t\t\t\t<div class=\"exclearfix\"><\/div>\r\n\t\t\t\t\t<\/div>\r\n\t\t\t\t\t<\/div><div class=\"item-grid\" data-id=\"ex_id-ex-9426-71527\"> \t\t\t\t\t<div class=\"exp-arrow \" \r\n\t\t\t\t\t >\r\n\t\t\t\t\t\t\t\t\t\t\t\t<figure class=\"tpstyle-20 tpstyle-20-blue tppost-71527\">\r\n  <div class=\"tpstyle-20-image\">\r\n    <a href=\"javascript:;\" class=\"\">\r\n      <img loading=\"lazy\" decoding=\"async\" width=\"2048\" height=\"1365\" src=\"https:\/\/linsalata.ch\/wp-content\/uploads\/2020\/02\/241108_Linsalata_Adriana_126.jpg\" class=\"attachment-full size-full wp-post-image\" alt=\"\" srcset=\"https:\/\/linsalata.ch\/wp-content\/uploads\/2020\/02\/241108_Linsalata_Adriana_126.jpg 2048w, https:\/\/linsalata.ch\/wp-content\/uploads\/2020\/02\/241108_Linsalata_Adriana_126-300x200.jpg 300w, https:\/\/linsalata.ch\/wp-content\/uploads\/2020\/02\/241108_Linsalata_Adriana_126-768x512.jpg 768w, https:\/\/linsalata.ch\/wp-content\/uploads\/2020\/02\/241108_Linsalata_Adriana_126-1024x683.jpg 1024w\" sizes=\"auto, (max-width: 2048px) 100vw, 2048px\" \/>          <\/a>\r\n    <div class=\"tpstyle-20-icons\">\r\n          <\/div>\r\n  <\/div>\r\n  <figcaption>\r\n    <h3><a href=\"javascript:;\">Adriana Linsalata<\/a><\/h3>\r\n        \t<p>Mitinhaberin &#8211; Personal, Finanzen<\/p>\r\n\t  <\/figcaption>\r\n  <\/figure>\r\n\t\t\t\t\t<div class=\"exclearfix\"><\/div>\r\n\t\t\t\t\t<\/div>\r\n\t\t\t\t\t<\/div><div class=\"item-grid\" data-id=\"ex_id-ex-9426-71743\"> \t\t\t\t\t<div class=\"exp-arrow \" \r\n\t\t\t\t\t >\r\n\t\t\t\t\t\t\t\t\t\t\t\t<figure class=\"tpstyle-20 tpstyle-20-blue tppost-71743\">\r\n  <div class=\"tpstyle-20-image\">\r\n    <a href=\"javascript:;\" class=\"\">\r\n      <img loading=\"lazy\" decoding=\"async\" width=\"2048\" height=\"1365\" src=\"https:\/\/linsalata.ch\/wp-content\/uploads\/2024\/11\/241108_Linsalata_Pricoli_119.jpg\" class=\"attachment-full size-full wp-post-image\" alt=\"\" srcset=\"https:\/\/linsalata.ch\/wp-content\/uploads\/2024\/11\/241108_Linsalata_Pricoli_119.jpg 2048w, https:\/\/linsalata.ch\/wp-content\/uploads\/2024\/11\/241108_Linsalata_Pricoli_119-300x200.jpg 300w, https:\/\/linsalata.ch\/wp-content\/uploads\/2024\/11\/241108_Linsalata_Pricoli_119-768x512.jpg 768w, https:\/\/linsalata.ch\/wp-content\/uploads\/2024\/11\/241108_Linsalata_Pricoli_119-1024x683.jpg 1024w\" sizes=\"auto, (max-width: 2048px) 100vw, 2048px\" \/>          <\/a>\r\n    <div class=\"tpstyle-20-icons\">\r\n          <\/div>\r\n  <\/div>\r\n  <figcaption>\r\n    <h3><a href=\"javascript:;\">Leonardo Pricoli<\/a><\/h3>\r\n        \t<p>Leitender Sanit\u00e4rmonteur<\/p>\r\n\t  <\/figcaption>\r\n  <\/figure>\r\n\t\t\t\t\t<div class=\"exclearfix\"><\/div>\r\n\t\t\t\t\t<\/div>\r\n\t\t\t\t\t<\/div><div class=\"item-grid\" data-id=\"ex_id-ex-9426-71618\"> \t\t\t\t\t<div class=\"exp-arrow \" \r\n\t\t\t\t\t >\r\n\t\t\t\t\t\t\t\t\t\t\t\t<figure class=\"tpstyle-20 tpstyle-20-blue tppost-71618\">\r\n  <div class=\"tpstyle-20-image\">\r\n    <a href=\"javascript:;\" class=\"\">\r\n      <img loading=\"lazy\" decoding=\"async\" width=\"2048\" height=\"1366\" src=\"https:\/\/linsalata.ch\/wp-content\/uploads\/2020\/10\/241108_Linsalata_Marcin_023.jpg\" class=\"attachment-full size-full wp-post-image\" alt=\"\" srcset=\"https:\/\/linsalata.ch\/wp-content\/uploads\/2020\/10\/241108_Linsalata_Marcin_023.jpg 2048w, https:\/\/linsalata.ch\/wp-content\/uploads\/2020\/10\/241108_Linsalata_Marcin_023-300x200.jpg 300w, https:\/\/linsalata.ch\/wp-content\/uploads\/2020\/10\/241108_Linsalata_Marcin_023-768x512.jpg 768w, https:\/\/linsalata.ch\/wp-content\/uploads\/2020\/10\/241108_Linsalata_Marcin_023-1024x683.jpg 1024w\" sizes=\"auto, (max-width: 2048px) 100vw, 2048px\" \/>          <\/a>\r\n    <div class=\"tpstyle-20-icons\">\r\n          <\/div>\r\n  <\/div>\r\n  <figcaption>\r\n    <h3><a href=\"javascript:;\">Marcin Stwora<\/a><\/h3>\r\n        \t<p>Leiter Sanit\u00e4r<\/p>\r\n\t  <\/figcaption>\r\n  <\/figure>\r\n\t\t\t\t\t<div class=\"exclearfix\"><\/div>\r\n\t\t\t\t\t<\/div>\r\n\t\t\t\t\t<\/div><div class=\"item-grid\" data-id=\"ex_id-ex-9426-71620\"> \t\t\t\t\t<div class=\"exp-arrow \" \r\n\t\t\t\t\t >\r\n\t\t\t\t\t\t\t\t\t\t\t\t<figure class=\"tpstyle-20 tpstyle-20-blue tppost-71620\">\r\n  <div class=\"tpstyle-20-image\">\r\n    <a href=\"javascript:;\" class=\"\">\r\n      <img loading=\"lazy\" decoding=\"async\" width=\"2048\" height=\"1366\" src=\"https:\/\/linsalata.ch\/wp-content\/uploads\/2020\/10\/241108_Linsalata_Caruso_033.jpg\" class=\"attachment-full size-full wp-post-image\" alt=\"\" srcset=\"https:\/\/linsalata.ch\/wp-content\/uploads\/2020\/10\/241108_Linsalata_Caruso_033.jpg 2048w, https:\/\/linsalata.ch\/wp-content\/uploads\/2020\/10\/241108_Linsalata_Caruso_033-300x200.jpg 300w, https:\/\/linsalata.ch\/wp-content\/uploads\/2020\/10\/241108_Linsalata_Caruso_033-768x512.jpg 768w, https:\/\/linsalata.ch\/wp-content\/uploads\/2020\/10\/241108_Linsalata_Caruso_033-1024x683.jpg 1024w\" sizes=\"auto, (max-width: 2048px) 100vw, 2048px\" \/>          <\/a>\r\n    <div class=\"tpstyle-20-icons\">\r\n          <\/div>\r\n  <\/div>\r\n  <figcaption>\r\n    <h3><a href=\"javascript:;\">Sabrina Caruso<\/a><\/h3>\r\n        \t<p>Sekretariat<\/p>\r\n\t  <\/figcaption>\r\n  <\/figure>\r\n\t\t\t\t\t<div class=\"exclearfix\"><\/div>\r\n\t\t\t\t\t<\/div>\r\n\t\t\t\t\t<\/div>\t\t<\/div>\r\n        \t<\/div>\r\n\t[\/vc_column][\/vc_row]<\/p>\n<\/div>","protected":false},"excerpt":{"rendered":"<p>[vc_row type=&#8221;container&#8221; padding_top=&#8221;&#8221; padding_bottom=&#8221;&#8221; css=&#8221;.vc_custom_1451761032806{padding-top: 50px !important;}&#8221;][vc_column css=&#8221;.vc_custom_1506979915363{margin-top: 15px !important;margin-bottom: 40px !important;}&#8221;][vc_single_image image=&#8221;71745&#8243; img_size=&#8221;full&#8221;][\/vc_column][\/vc_row][vc_row type=&#8221;container&#8221; padding_top=&#8221;&#8221; padding_bottom=&#8221;&#8221;][vc_column css=&#8221;.vc_custom_1506979915363{margin-top: 15px !important;margin-bottom: 40px !important;}&#8221;][vc_column_text css=&#8221;.vc_custom_1506794550118{padding-right: 10px !important;}&#8221;] \u00dcber uns [\/vc_column_text][vc_column_text css=&#8221;.vc_custom_1699529490352{margin-top: 15px !important;padding-right: 10px !important;}&#8221;] Die Linsalata Geb\u00e4udetechnik ist ein Familienunternehmen, das 1974 von Donato Linsalata gegr\u00fcndet und 1989 von seinem Sohn Michele Linsalata \u00fcbernommen wurde und [&hellip;]<\/p>\n","protected":false},"author":4,"featured_media":70780,"parent":0,"menu_order":0,"comment_status":"closed","ping_status":"closed","template":"page-full-width.php","meta":{"_acf_changed":false,"footnotes":""},"class_list":["post-69","page","type-page","status-publish","has-post-thumbnail","hentry"],"acf":[],"yoast_head":"<!-- This site is optimized with the Yoast SEO plugin v26.7 - https:\/\/yoast.com\/wordpress\/plugins\/seo\/ -->\n<title>\u00dcber uns - Linsalata<\/title>\n<meta name=\"description\" content=\"We work on the cusp of innovation and technology to take products from an idea all the way to the end consumer.\" \/>\n<meta name=\"robots\" content=\"index, follow, max-snippet:-1, max-image-preview:large, max-video-preview:-1\" \/>\n<link rel=\"canonical\" href=\"https:\/\/linsalata.ch\/?page_id=69\" \/>\n<meta property=\"og:locale\" content=\"de_DE\" \/>\n<meta property=\"og:type\" content=\"article\" \/>\n<meta property=\"og:title\" content=\"\u00dcber uns - Linsalata\" \/>\n<meta property=\"og:description\" content=\"We work on the cusp of innovation and technology to take products from an idea all the way to the end consumer.\" \/>\n<meta property=\"og:url\" content=\"https:\/\/linsalata.ch\/?page_id=69\" \/>\n<meta property=\"og:site_name\" content=\"Linsalata\" \/>\n<meta property=\"article:modified_time\" content=\"2024-11-27T04:19:15+00:00\" \/>\n<meta name=\"twitter:card\" content=\"summary_large_image\" \/>\n<meta name=\"twitter:label1\" content=\"Gesch\u00e4tzte Lesezeit\" \/>\n\t<meta name=\"twitter:data1\" content=\"1\u00a0Minute\" \/>\n<script type=\"application\/ld+json\" class=\"yoast-schema-graph\">{\"@context\":\"https:\/\/schema.org\",\"@graph\":[{\"@type\":\"WebPage\",\"@id\":\"https:\/\/linsalata.ch\/?page_id=69\",\"url\":\"https:\/\/linsalata.ch\/?page_id=69\",\"name\":\"\u00dcber uns - Linsalata\",\"isPartOf\":{\"@id\":\"https:\/\/linsalata.ch\/#website\"},\"primaryImageOfPage\":{\"@id\":\"https:\/\/linsalata.ch\/?page_id=69#primaryimage\"},\"image\":{\"@id\":\"https:\/\/linsalata.ch\/?page_id=69#primaryimage\"},\"thumbnailUrl\":\"\",\"datePublished\":\"2015-10-07T17:11:55+00:00\",\"dateModified\":\"2024-11-27T04:19:15+00:00\",\"description\":\"We work on the cusp of innovation and technology to take products from an idea all the way to the end consumer.\",\"breadcrumb\":{\"@id\":\"https:\/\/linsalata.ch\/?page_id=69#breadcrumb\"},\"inLanguage\":\"de\",\"potentialAction\":[{\"@type\":\"ReadAction\",\"target\":[\"https:\/\/linsalata.ch\/?page_id=69\"]}]},{\"@type\":\"ImageObject\",\"inLanguage\":\"de\",\"@id\":\"https:\/\/linsalata.ch\/?page_id=69#primaryimage\",\"url\":\"\",\"contentUrl\":\"\"},{\"@type\":\"BreadcrumbList\",\"@id\":\"https:\/\/linsalata.ch\/?page_id=69#breadcrumb\",\"itemListElement\":[{\"@type\":\"ListItem\",\"position\":1,\"name\":\"Startseite\",\"item\":\"https:\/\/linsalata.ch\/\"},{\"@type\":\"ListItem\",\"position\":2,\"name\":\"\u00dcber uns\"}]},{\"@type\":\"WebSite\",\"@id\":\"https:\/\/linsalata.ch\/#website\",\"url\":\"https:\/\/linsalata.ch\/\",\"name\":\"Linsalata\",\"description\":\"Eine weitere WordPress page\",\"potentialAction\":[{\"@type\":\"SearchAction\",\"target\":{\"@type\":\"EntryPoint\",\"urlTemplate\":\"https:\/\/linsalata.ch\/?s={search_term_string}\"},\"query-input\":{\"@type\":\"PropertyValueSpecification\",\"valueRequired\":true,\"valueName\":\"search_term_string\"}}],\"inLanguage\":\"de\"}]}<\/script>\n<!-- \/ Yoast SEO plugin. -->","yoast_head_json":{"title":"\u00dcber uns - Linsalata","description":"We work on the cusp of innovation and technology to take products from an idea all the way to the end consumer.","robots":{"index":"index","follow":"follow","max-snippet":"max-snippet:-1","max-image-preview":"max-image-preview:large","max-video-preview":"max-video-preview:-1"},"canonical":"https:\/\/linsalata.ch\/?page_id=69","og_locale":"de_DE","og_type":"article","og_title":"\u00dcber uns - Linsalata","og_description":"We work on the cusp of innovation and technology to take products from an idea all the way to the end consumer.","og_url":"https:\/\/linsalata.ch\/?page_id=69","og_site_name":"Linsalata","article_modified_time":"2024-11-27T04:19:15+00:00","twitter_card":"summary_large_image","twitter_misc":{"Gesch\u00e4tzte Lesezeit":"1\u00a0Minute"},"schema":{"@context":"https:\/\/schema.org","@graph":[{"@type":"WebPage","@id":"https:\/\/linsalata.ch\/?page_id=69","url":"https:\/\/linsalata.ch\/?page_id=69","name":"\u00dcber uns - Linsalata","isPartOf":{"@id":"https:\/\/linsalata.ch\/#website"},"primaryImageOfPage":{"@id":"https:\/\/linsalata.ch\/?page_id=69#primaryimage"},"image":{"@id":"https:\/\/linsalata.ch\/?page_id=69#primaryimage"},"thumbnailUrl":"","datePublished":"2015-10-07T17:11:55+00:00","dateModified":"2024-11-27T04:19:15+00:00","description":"We work on the cusp of innovation and technology to take products from an idea all the way to the end consumer.","breadcrumb":{"@id":"https:\/\/linsalata.ch\/?page_id=69#breadcrumb"},"inLanguage":"de","potentialAction":[{"@type":"ReadAction","target":["https:\/\/linsalata.ch\/?page_id=69"]}]},{"@type":"ImageObject","inLanguage":"de","@id":"https:\/\/linsalata.ch\/?page_id=69#primaryimage","url":"","contentUrl":""},{"@type":"BreadcrumbList","@id":"https:\/\/linsalata.ch\/?page_id=69#breadcrumb","itemListElement":[{"@type":"ListItem","position":1,"name":"Startseite","item":"https:\/\/linsalata.ch\/"},{"@type":"ListItem","position":2,"name":"\u00dcber uns"}]},{"@type":"WebSite","@id":"https:\/\/linsalata.ch\/#website","url":"https:\/\/linsalata.ch\/","name":"Linsalata","description":"Eine weitere WordPress page","potentialAction":[{"@type":"SearchAction","target":{"@type":"EntryPoint","urlTemplate":"https:\/\/linsalata.ch\/?s={search_term_string}"},"query-input":{"@type":"PropertyValueSpecification","valueRequired":true,"valueName":"search_term_string"}}],"inLanguage":"de"}]}},"_links":{"self":[{"href":"https:\/\/linsalata.ch\/index.php?rest_route=\/wp\/v2\/pages\/69","targetHints":{"allow":["GET"]}}],"collection":[{"href":"https:\/\/linsalata.ch\/index.php?rest_route=\/wp\/v2\/pages"}],"about":[{"href":"https:\/\/linsalata.ch\/index.php?rest_route=\/wp\/v2\/types\/page"}],"author":[{"embeddable":true,"href":"https:\/\/linsalata.ch\/index.php?rest_route=\/wp\/v2\/users\/4"}],"replies":[{"embeddable":true,"href":"https:\/\/linsalata.ch\/index.php?rest_route=%2Fwp%2Fv2%2Fcomments&post=69"}],"version-history":[{"count":92,"href":"https:\/\/linsalata.ch\/index.php?rest_route=\/wp\/v2\/pages\/69\/revisions"}],"predecessor-version":[{"id":71746,"href":"https:\/\/linsalata.ch\/index.php?rest_route=\/wp\/v2\/pages\/69\/revisions\/71746"}],"wp:featuredmedia":[{"embeddable":true,"href":"https:\/\/linsalata.ch\/index.php?rest_route=\/"}],"wp:attachment":[{"href":"https:\/\/linsalata.ch\/index.php?rest_route=%2Fwp%2Fv2%2Fmedia&parent=69"}],"curies":[{"name":"wp","href":"https:\/\/api.w.org\/{rel}","templated":true}]}}