{"id":147,"date":"2015-10-09T17:51:30","date_gmt":"2015-10-09T17:51:30","guid":{"rendered":"http:\/\/broker.commercegurus.com\/?page_id=147"},"modified":"2019-04-09T09:03:54","modified_gmt":"2019-04-09T09:03:54","slug":"agricultural-processing","status":"publish","type":"page","link":"https:\/\/linsalata.ch\/?page_id=147","title":{"rendered":"Sanit\u00e4r"},"content":{"rendered":"<div class=\"wpb-content-wrapper\"><p>[vc_row type=&#8221;container&#8221; padding_top=&#8221;&#8221; padding_bottom=&#8221;&#8221; css=&#8221;.vc_custom_1506982268140{margin-top: 40px !important;margin-bottom: 40px !important;}&#8221;][vc_column width=&#8221;1\/2&#8243; css=&#8221;.vc_custom_1506982294826{margin-top: 20px !important;}&#8221;][vc_column_text]Mit einem umfassenden Service aus erster Hand sorgen wir daf\u00fcr, dass bei Ihnen das Wasser fliesst. Und fliesst. Reibungslos. Dank dem perfekten Zusammenspiel aller installierten sanit\u00e4ren Anlagen. Die sanieren wir auch. Und machen sie korrosionsbest\u00e4ndig. Ob in Neu- oder Umbauten. Auch deshalb befinden sich unsere Objekte nach Jahren noch in berauschendem Zustand!<\/p>\n<p>Fliessen tun bei uns auch die Ideen: vor allem in Sachen \u00d6kologie. Denn die moderne Geb\u00e4udetechnik nutzt die Natur. Und schont sie zugleich. Zum Beispiel mit Regenwassernutzungs- oder Solaranlagen. Solche Anlagen arbeiten richtig gewartet \u00e4usserst zuverl\u00e4ssig und sparsam. Und sind auch in bestehende Geb\u00e4ude zu einem gesunden Preis-\/Leistungsverh\u00e4ltnis einbaubar. Strahlend gerne setzen wir Sie dar\u00fcber ins Bild.<\/p>\n<p>Exklusive Sanit\u00e4rprodukte wie Badewannen, Saunas und Dampfduschen k\u00f6nnen Sie \u00fcbrigens in unserem Design Forum Sissach echt ausprobieren. Wenns gef\u00e4llt, bringen wir Ihnen die italienische Bade- und Wellnesswelt von ML Design auch gerne in Griffn\u00e4he.[\/vc_column_text][\/vc_column][vc_column width=&#8221;1\/2&#8243; css=&#8221;.vc_custom_1542188130288{margin-top: 100px !important;}&#8221;][vc_single_image image=&#8221;71419&#8243; img_size=&#8221;full&#8221;][\/vc_column][\/vc_row]<\/p>\n<\/div>","protected":false},"excerpt":{"rendered":"<p>[vc_row type=&#8221;container&#8221; padding_top=&#8221;&#8221; padding_bottom=&#8221;&#8221; css=&#8221;.vc_custom_1506982268140{margin-top: 40px !important;margin-bottom: 40px !important;}&#8221;][vc_column width=&#8221;1\/2&#8243; css=&#8221;.vc_custom_1506982294826{margin-top: 20px !important;}&#8221;][vc_column_text]Mit einem umfassenden Service aus erster Hand sorgen wir daf\u00fcr, dass bei Ihnen das Wasser fliesst. Und fliesst. Reibungslos. Dank dem perfekten Zusammenspiel aller installierten sanit\u00e4ren Anlagen. Die sanieren wir auch. Und machen sie korrosionsbest\u00e4ndig. Ob in Neu- oder Umbauten. Auch deshalb befinden [&hellip;]<\/p>\n","protected":false},"author":4,"featured_media":71006,"parent":73,"menu_order":1,"comment_status":"closed","ping_status":"closed","template":"page-full-width.php","meta":{"_acf_changed":false,"footnotes":""},"class_list":["post-147","page","type-page","status-publish","has-post-thumbnail","hentry"],"acf":[],"yoast_head":"<!-- This site is optimized with the Yoast SEO plugin v26.7 - https:\/\/yoast.com\/wordpress\/plugins\/seo\/ -->\n<title>Sanit\u00e4r - Linsalata<\/title>\n<meta name=\"description\" content=\"Agricultural science is a broad multidisciplinary field of biology that encompasses the parts of exact, natural, economic and social sciences that are used in the practice and understanding of agriculture.\" \/>\n<meta name=\"robots\" content=\"index, follow, max-snippet:-1, max-image-preview:large, max-video-preview:-1\" \/>\n<link rel=\"canonical\" href=\"https:\/\/linsalata.ch\/?page_id=147\" \/>\n<meta property=\"og:locale\" content=\"de_DE\" \/>\n<meta property=\"og:type\" content=\"article\" \/>\n<meta property=\"og:title\" content=\"Sanit\u00e4r - Linsalata\" \/>\n<meta property=\"og:description\" content=\"Agricultural science is a broad multidisciplinary field of biology that encompasses the parts of exact, natural, economic and social sciences that are used in the practice and understanding of agriculture.\" \/>\n<meta property=\"og:url\" content=\"https:\/\/linsalata.ch\/?page_id=147\" \/>\n<meta property=\"og:site_name\" content=\"Linsalata\" \/>\n<meta property=\"article:modified_time\" content=\"2019-04-09T09:03:54+00:00\" \/>\n<meta property=\"og:image\" content=\"https:\/\/linsalata.ch\/wp-content\/uploads\/2017\/09\/sanitaer.jpg\" \/>\n\t<meta property=\"og:image:width\" content=\"2048\" \/>\n\t<meta property=\"og:image:height\" content=\"1448\" \/>\n\t<meta property=\"og:image:type\" content=\"image\/jpeg\" \/>\n<meta name=\"twitter:card\" content=\"summary_large_image\" \/>\n<meta name=\"twitter:label1\" content=\"Gesch\u00e4tzte Lesezeit\" \/>\n\t<meta name=\"twitter:data1\" content=\"1\u00a0Minute\" \/>\n<script type=\"application\/ld+json\" class=\"yoast-schema-graph\">{\"@context\":\"https:\/\/schema.org\",\"@graph\":[{\"@type\":\"WebPage\",\"@id\":\"https:\/\/linsalata.ch\/?page_id=147\",\"url\":\"https:\/\/linsalata.ch\/?page_id=147\",\"name\":\"Sanit\u00e4r - Linsalata\",\"isPartOf\":{\"@id\":\"https:\/\/linsalata.ch\/#website\"},\"primaryImageOfPage\":{\"@id\":\"https:\/\/linsalata.ch\/?page_id=147#primaryimage\"},\"image\":{\"@id\":\"https:\/\/linsalata.ch\/?page_id=147#primaryimage\"},\"thumbnailUrl\":\"https:\/\/linsalata.ch\/wp-content\/uploads\/2017\/09\/sanitaer.jpg\",\"datePublished\":\"2015-10-09T17:51:30+00:00\",\"dateModified\":\"2019-04-09T09:03:54+00:00\",\"description\":\"Agricultural science is a broad multidisciplinary field of biology that encompasses the parts of exact, natural, economic and social sciences that are used in the practice and understanding of agriculture.\",\"breadcrumb\":{\"@id\":\"https:\/\/linsalata.ch\/?page_id=147#breadcrumb\"},\"inLanguage\":\"de\",\"potentialAction\":[{\"@type\":\"ReadAction\",\"target\":[\"https:\/\/linsalata.ch\/?page_id=147\"]}]},{\"@type\":\"ImageObject\",\"inLanguage\":\"de\",\"@id\":\"https:\/\/linsalata.ch\/?page_id=147#primaryimage\",\"url\":\"https:\/\/linsalata.ch\/wp-content\/uploads\/2017\/09\/sanitaer.jpg\",\"contentUrl\":\"https:\/\/linsalata.ch\/wp-content\/uploads\/2017\/09\/sanitaer.jpg\",\"width\":2048,\"height\":1448},{\"@type\":\"BreadcrumbList\",\"@id\":\"https:\/\/linsalata.ch\/?page_id=147#breadcrumb\",\"itemListElement\":[{\"@type\":\"ListItem\",\"position\":1,\"name\":\"Startseite\",\"item\":\"https:\/\/linsalata.ch\/\"},{\"@type\":\"ListItem\",\"position\":2,\"name\":\"Solutions\",\"item\":\"https:\/\/linsalata.ch\/?page_id=73\"},{\"@type\":\"ListItem\",\"position\":3,\"name\":\"Sanit\u00e4r\"}]},{\"@type\":\"WebSite\",\"@id\":\"https:\/\/linsalata.ch\/#website\",\"url\":\"https:\/\/linsalata.ch\/\",\"name\":\"Linsalata\",\"description\":\"Eine weitere WordPress page\",\"potentialAction\":[{\"@type\":\"SearchAction\",\"target\":{\"@type\":\"EntryPoint\",\"urlTemplate\":\"https:\/\/linsalata.ch\/?s={search_term_string}\"},\"query-input\":{\"@type\":\"PropertyValueSpecification\",\"valueRequired\":true,\"valueName\":\"search_term_string\"}}],\"inLanguage\":\"de\"}]}<\/script>\n<!-- \/ Yoast SEO plugin. -->","yoast_head_json":{"title":"Sanit\u00e4r - Linsalata","description":"Agricultural science is a broad multidisciplinary field of biology that encompasses the parts of exact, natural, economic and social sciences that are used in the practice and understanding of agriculture.","robots":{"index":"index","follow":"follow","max-snippet":"max-snippet:-1","max-image-preview":"max-image-preview:large","max-video-preview":"max-video-preview:-1"},"canonical":"https:\/\/linsalata.ch\/?page_id=147","og_locale":"de_DE","og_type":"article","og_title":"Sanit\u00e4r - Linsalata","og_description":"Agricultural science is a broad multidisciplinary field of biology that encompasses the parts of exact, natural, economic and social sciences that are used in the practice and understanding of agriculture.","og_url":"https:\/\/linsalata.ch\/?page_id=147","og_site_name":"Linsalata","article_modified_time":"2019-04-09T09:03:54+00:00","og_image":[{"width":2048,"height":1448,"url":"https:\/\/linsalata.ch\/wp-content\/uploads\/2017\/09\/sanitaer.jpg","type":"image\/jpeg"}],"twitter_card":"summary_large_image","twitter_misc":{"Gesch\u00e4tzte Lesezeit":"1\u00a0Minute"},"schema":{"@context":"https:\/\/schema.org","@graph":[{"@type":"WebPage","@id":"https:\/\/linsalata.ch\/?page_id=147","url":"https:\/\/linsalata.ch\/?page_id=147","name":"Sanit\u00e4r - Linsalata","isPartOf":{"@id":"https:\/\/linsalata.ch\/#website"},"primaryImageOfPage":{"@id":"https:\/\/linsalata.ch\/?page_id=147#primaryimage"},"image":{"@id":"https:\/\/linsalata.ch\/?page_id=147#primaryimage"},"thumbnailUrl":"https:\/\/linsalata.ch\/wp-content\/uploads\/2017\/09\/sanitaer.jpg","datePublished":"2015-10-09T17:51:30+00:00","dateModified":"2019-04-09T09:03:54+00:00","description":"Agricultural science is a broad multidisciplinary field of biology that encompasses the parts of exact, natural, economic and social sciences that are used in the practice and understanding of agriculture.","breadcrumb":{"@id":"https:\/\/linsalata.ch\/?page_id=147#breadcrumb"},"inLanguage":"de","potentialAction":[{"@type":"ReadAction","target":["https:\/\/linsalata.ch\/?page_id=147"]}]},{"@type":"ImageObject","inLanguage":"de","@id":"https:\/\/linsalata.ch\/?page_id=147#primaryimage","url":"https:\/\/linsalata.ch\/wp-content\/uploads\/2017\/09\/sanitaer.jpg","contentUrl":"https:\/\/linsalata.ch\/wp-content\/uploads\/2017\/09\/sanitaer.jpg","width":2048,"height":1448},{"@type":"BreadcrumbList","@id":"https:\/\/linsalata.ch\/?page_id=147#breadcrumb","itemListElement":[{"@type":"ListItem","position":1,"name":"Startseite","item":"https:\/\/linsalata.ch\/"},{"@type":"ListItem","position":2,"name":"Solutions","item":"https:\/\/linsalata.ch\/?page_id=73"},{"@type":"ListItem","position":3,"name":"Sanit\u00e4r"}]},{"@type":"WebSite","@id":"https:\/\/linsalata.ch\/#website","url":"https:\/\/linsalata.ch\/","name":"Linsalata","description":"Eine weitere WordPress page","potentialAction":[{"@type":"SearchAction","target":{"@type":"EntryPoint","urlTemplate":"https:\/\/linsalata.ch\/?s={search_term_string}"},"query-input":{"@type":"PropertyValueSpecification","valueRequired":true,"valueName":"search_term_string"}}],"inLanguage":"de"}]}},"_links":{"self":[{"href":"https:\/\/linsalata.ch\/index.php?rest_route=\/wp\/v2\/pages\/147","targetHints":{"allow":["GET"]}}],"collection":[{"href":"https:\/\/linsalata.ch\/index.php?rest_route=\/wp\/v2\/pages"}],"about":[{"href":"https:\/\/linsalata.ch\/index.php?rest_route=\/wp\/v2\/types\/page"}],"author":[{"embeddable":true,"href":"https:\/\/linsalata.ch\/index.php?rest_route=\/wp\/v2\/users\/4"}],"replies":[{"embeddable":true,"href":"https:\/\/linsalata.ch\/index.php?rest_route=%2Fwp%2Fv2%2Fcomments&post=147"}],"version-history":[{"count":16,"href":"https:\/\/linsalata.ch\/index.php?rest_route=\/wp\/v2\/pages\/147\/revisions"}],"predecessor-version":[{"id":71507,"href":"https:\/\/linsalata.ch\/index.php?rest_route=\/wp\/v2\/pages\/147\/revisions\/71507"}],"up":[{"embeddable":true,"href":"https:\/\/linsalata.ch\/index.php?rest_route=\/wp\/v2\/pages\/73"}],"wp:featuredmedia":[{"embeddable":true,"href":"https:\/\/linsalata.ch\/index.php?rest_route=\/wp\/v2\/media\/71006"}],"wp:attachment":[{"href":"https:\/\/linsalata.ch\/index.php?rest_route=%2Fwp%2Fv2%2Fmedia&parent=147"}],"curies":[{"name":"wp","href":"https:\/\/api.w.org\/{rel}","templated":true}]}}