{"id":130,"date":"2015-10-09T16:46:20","date_gmt":"2015-10-09T16:46:20","guid":{"rendered":"http:\/\/broker.commercegurus.com\/?page_id=130"},"modified":"2024-11-21T08:24:09","modified_gmt":"2024-11-21T08:24:09","slug":"power-energy","status":"publish","type":"page","link":"https:\/\/linsalata.ch\/?page_id=130","title":{"rendered":"W\u00e4rmepumpen"},"content":{"rendered":"<div class=\"wpb-content-wrapper\"><p>[vc_row type=&#8221;container&#8221; padding_top=&#8221;&#8221; padding_bottom=&#8221;&#8221; css=&#8221;.vc_custom_1506980940128{margin-top: 40px !important;margin-bottom: 40px !important;}&#8221;][vc_column width=&#8221;1\/2&#8243;][vc_column_text]In Verbindung mit unserem Tag der offenen T\u00fcr unterst\u00fctzt uns die Firma Domotec und stellt zwei W\u00e4rmepumpenboiler inklusive Informationsstand in unserer Werkstatt auf. Hier k\u00f6nnen Sie sich \u00fcber die aktuellen Produkte und Innovationen informieren. Selbstverst\u00e4ndlich werden auch Fragen rund um das Energiegesetz beantwortet.<\/p>\n<p><a href=\"https:\/\/domotec.ch\/downloadcenter\/kategorie\/aktuelle-endkunden-unterlagen\/\" target=\"_blank\" rel=\"noopener\">zu allen Endkundenbrosch\u00fcren\u00a0<\/a><a id=\"OWA6dc53488-320c-e9ed-1714-dbcde3c5aeb8\" class=\"OWAAutoLink\" title=\"https:\/\/domotec.ch\/downloadcenter\/kategorie\/aktuelle-endkunden-unterlagen\/\" href=\"https:\/\/domotec.ch\/downloadcenter\/kategorie\/aktuelle-endkunden-unterlagen\/\" data-auth=\"NotApplicable\" data-linkindex=\"0\"><\/a>[\/vc_column_text][\/vc_column][vc_column width=&#8221;1\/2&#8243;][vc_single_image image=&#8221;71735&#8243; img_size=&#8221;full&#8221; add_caption=&#8221;yes&#8221; alignment=&#8221;center&#8221; style=&#8221;vc_box_shadow_3d&#8221; onclick=&#8221;link_image&#8221;][\/vc_column][\/vc_row]<\/p>\n<\/div>","protected":false},"excerpt":{"rendered":"<p>[vc_row type=&#8221;container&#8221; padding_top=&#8221;&#8221; padding_bottom=&#8221;&#8221; css=&#8221;.vc_custom_1506980940128{margin-top: 40px !important;margin-bottom: 40px !important;}&#8221;][vc_column width=&#8221;1\/2&#8243;][vc_column_text]In Verbindung mit unserem Tag der offenen T\u00fcr unterst\u00fctzt uns die Firma Domotec und stellt zwei W\u00e4rmepumpenboiler inklusive Informationsstand in unserer Werkstatt auf. Hier k\u00f6nnen Sie sich \u00fcber die aktuellen Produkte und Innovationen informieren. Selbstverst\u00e4ndlich werden auch Fragen rund um das Energiegesetz beantwortet. zu allen Endkundenbrosch\u00fcren\u00a0[\/vc_column_text][\/vc_column][vc_column [&hellip;]<\/p>\n","protected":false},"author":4,"featured_media":71735,"parent":73,"menu_order":5,"comment_status":"closed","ping_status":"closed","template":"page-full-width.php","meta":{"_acf_changed":false,"footnotes":""},"class_list":["post-130","page","type-page","status-publish","has-post-thumbnail","hentry"],"acf":[],"yoast_head":"<!-- This site is optimized with the Yoast SEO plugin v26.7 - https:\/\/yoast.com\/wordpress\/plugins\/seo\/ -->\n<title>W\u00e4rmepumpen - Linsalata<\/title>\n<meta name=\"description\" content=\"The energy industry is a crucial part of the infrastructure and maintenance of society in almost all countries.\" \/>\n<meta name=\"robots\" content=\"index, follow, max-snippet:-1, max-image-preview:large, max-video-preview:-1\" \/>\n<link rel=\"canonical\" href=\"https:\/\/linsalata.ch\/?page_id=130\" \/>\n<meta property=\"og:locale\" content=\"de_DE\" \/>\n<meta property=\"og:type\" content=\"article\" \/>\n<meta property=\"og:title\" content=\"W\u00e4rmepumpen - Linsalata\" \/>\n<meta property=\"og:description\" content=\"The energy industry is a crucial part of the infrastructure and maintenance of society in almost all countries.\" \/>\n<meta property=\"og:url\" content=\"https:\/\/linsalata.ch\/?page_id=130\" \/>\n<meta property=\"og:site_name\" content=\"Linsalata\" \/>\n<meta property=\"article:modified_time\" content=\"2024-11-21T08:24:09+00:00\" \/>\n<meta property=\"og:image\" content=\"https:\/\/linsalata.ch\/wp-content\/uploads\/2015\/10\/warme.jpg\" \/>\n\t<meta property=\"og:image:width\" content=\"1581\" \/>\n\t<meta property=\"og:image:height\" content=\"2048\" \/>\n\t<meta property=\"og:image:type\" content=\"image\/jpeg\" \/>\n<meta name=\"twitter:card\" content=\"summary_large_image\" \/>\n<meta name=\"twitter:label1\" content=\"Gesch\u00e4tzte Lesezeit\" \/>\n\t<meta name=\"twitter:data1\" content=\"1\u00a0Minute\" \/>\n<script type=\"application\/ld+json\" class=\"yoast-schema-graph\">{\"@context\":\"https:\/\/schema.org\",\"@graph\":[{\"@type\":\"WebPage\",\"@id\":\"https:\/\/linsalata.ch\/?page_id=130\",\"url\":\"https:\/\/linsalata.ch\/?page_id=130\",\"name\":\"W\u00e4rmepumpen - Linsalata\",\"isPartOf\":{\"@id\":\"https:\/\/linsalata.ch\/#website\"},\"primaryImageOfPage\":{\"@id\":\"https:\/\/linsalata.ch\/?page_id=130#primaryimage\"},\"image\":{\"@id\":\"https:\/\/linsalata.ch\/?page_id=130#primaryimage\"},\"thumbnailUrl\":\"https:\/\/linsalata.ch\/wp-content\/uploads\/2015\/10\/warme.jpg\",\"datePublished\":\"2015-10-09T16:46:20+00:00\",\"dateModified\":\"2024-11-21T08:24:09+00:00\",\"description\":\"The energy industry is a crucial part of the infrastructure and maintenance of society in almost all countries.\",\"breadcrumb\":{\"@id\":\"https:\/\/linsalata.ch\/?page_id=130#breadcrumb\"},\"inLanguage\":\"de\",\"potentialAction\":[{\"@type\":\"ReadAction\",\"target\":[\"https:\/\/linsalata.ch\/?page_id=130\"]}]},{\"@type\":\"ImageObject\",\"inLanguage\":\"de\",\"@id\":\"https:\/\/linsalata.ch\/?page_id=130#primaryimage\",\"url\":\"https:\/\/linsalata.ch\/wp-content\/uploads\/2015\/10\/warme.jpg\",\"contentUrl\":\"https:\/\/linsalata.ch\/wp-content\/uploads\/2015\/10\/warme.jpg\",\"width\":1581,\"height\":2048},{\"@type\":\"BreadcrumbList\",\"@id\":\"https:\/\/linsalata.ch\/?page_id=130#breadcrumb\",\"itemListElement\":[{\"@type\":\"ListItem\",\"position\":1,\"name\":\"Startseite\",\"item\":\"https:\/\/linsalata.ch\/\"},{\"@type\":\"ListItem\",\"position\":2,\"name\":\"Solutions\",\"item\":\"https:\/\/linsalata.ch\/?page_id=73\"},{\"@type\":\"ListItem\",\"position\":3,\"name\":\"W\u00e4rmepumpen\"}]},{\"@type\":\"WebSite\",\"@id\":\"https:\/\/linsalata.ch\/#website\",\"url\":\"https:\/\/linsalata.ch\/\",\"name\":\"Linsalata\",\"description\":\"Eine weitere WordPress page\",\"potentialAction\":[{\"@type\":\"SearchAction\",\"target\":{\"@type\":\"EntryPoint\",\"urlTemplate\":\"https:\/\/linsalata.ch\/?s={search_term_string}\"},\"query-input\":{\"@type\":\"PropertyValueSpecification\",\"valueRequired\":true,\"valueName\":\"search_term_string\"}}],\"inLanguage\":\"de\"}]}<\/script>\n<!-- \/ Yoast SEO plugin. -->","yoast_head_json":{"title":"W\u00e4rmepumpen - Linsalata","description":"The energy industry is a crucial part of the infrastructure and maintenance of society in almost all countries.","robots":{"index":"index","follow":"follow","max-snippet":"max-snippet:-1","max-image-preview":"max-image-preview:large","max-video-preview":"max-video-preview:-1"},"canonical":"https:\/\/linsalata.ch\/?page_id=130","og_locale":"de_DE","og_type":"article","og_title":"W\u00e4rmepumpen - Linsalata","og_description":"The energy industry is a crucial part of the infrastructure and maintenance of society in almost all countries.","og_url":"https:\/\/linsalata.ch\/?page_id=130","og_site_name":"Linsalata","article_modified_time":"2024-11-21T08:24:09+00:00","og_image":[{"width":1581,"height":2048,"url":"https:\/\/linsalata.ch\/wp-content\/uploads\/2015\/10\/warme.jpg","type":"image\/jpeg"}],"twitter_card":"summary_large_image","twitter_misc":{"Gesch\u00e4tzte Lesezeit":"1\u00a0Minute"},"schema":{"@context":"https:\/\/schema.org","@graph":[{"@type":"WebPage","@id":"https:\/\/linsalata.ch\/?page_id=130","url":"https:\/\/linsalata.ch\/?page_id=130","name":"W\u00e4rmepumpen - Linsalata","isPartOf":{"@id":"https:\/\/linsalata.ch\/#website"},"primaryImageOfPage":{"@id":"https:\/\/linsalata.ch\/?page_id=130#primaryimage"},"image":{"@id":"https:\/\/linsalata.ch\/?page_id=130#primaryimage"},"thumbnailUrl":"https:\/\/linsalata.ch\/wp-content\/uploads\/2015\/10\/warme.jpg","datePublished":"2015-10-09T16:46:20+00:00","dateModified":"2024-11-21T08:24:09+00:00","description":"The energy industry is a crucial part of the infrastructure and maintenance of society in almost all countries.","breadcrumb":{"@id":"https:\/\/linsalata.ch\/?page_id=130#breadcrumb"},"inLanguage":"de","potentialAction":[{"@type":"ReadAction","target":["https:\/\/linsalata.ch\/?page_id=130"]}]},{"@type":"ImageObject","inLanguage":"de","@id":"https:\/\/linsalata.ch\/?page_id=130#primaryimage","url":"https:\/\/linsalata.ch\/wp-content\/uploads\/2015\/10\/warme.jpg","contentUrl":"https:\/\/linsalata.ch\/wp-content\/uploads\/2015\/10\/warme.jpg","width":1581,"height":2048},{"@type":"BreadcrumbList","@id":"https:\/\/linsalata.ch\/?page_id=130#breadcrumb","itemListElement":[{"@type":"ListItem","position":1,"name":"Startseite","item":"https:\/\/linsalata.ch\/"},{"@type":"ListItem","position":2,"name":"Solutions","item":"https:\/\/linsalata.ch\/?page_id=73"},{"@type":"ListItem","position":3,"name":"W\u00e4rmepumpen"}]},{"@type":"WebSite","@id":"https:\/\/linsalata.ch\/#website","url":"https:\/\/linsalata.ch\/","name":"Linsalata","description":"Eine weitere WordPress page","potentialAction":[{"@type":"SearchAction","target":{"@type":"EntryPoint","urlTemplate":"https:\/\/linsalata.ch\/?s={search_term_string}"},"query-input":{"@type":"PropertyValueSpecification","valueRequired":true,"valueName":"search_term_string"}}],"inLanguage":"de"}]}},"_links":{"self":[{"href":"https:\/\/linsalata.ch\/index.php?rest_route=\/wp\/v2\/pages\/130","targetHints":{"allow":["GET"]}}],"collection":[{"href":"https:\/\/linsalata.ch\/index.php?rest_route=\/wp\/v2\/pages"}],"about":[{"href":"https:\/\/linsalata.ch\/index.php?rest_route=\/wp\/v2\/types\/page"}],"author":[{"embeddable":true,"href":"https:\/\/linsalata.ch\/index.php?rest_route=\/wp\/v2\/users\/4"}],"replies":[{"embeddable":true,"href":"https:\/\/linsalata.ch\/index.php?rest_route=%2Fwp%2Fv2%2Fcomments&post=130"}],"version-history":[{"count":12,"href":"https:\/\/linsalata.ch\/index.php?rest_route=\/wp\/v2\/pages\/130\/revisions"}],"predecessor-version":[{"id":71737,"href":"https:\/\/linsalata.ch\/index.php?rest_route=\/wp\/v2\/pages\/130\/revisions\/71737"}],"up":[{"embeddable":true,"href":"https:\/\/linsalata.ch\/index.php?rest_route=\/wp\/v2\/pages\/73"}],"wp:featuredmedia":[{"embeddable":true,"href":"https:\/\/linsalata.ch\/index.php?rest_route=\/wp\/v2\/media\/71735"}],"wp:attachment":[{"href":"https:\/\/linsalata.ch\/index.php?rest_route=%2Fwp%2Fv2%2Fmedia&parent=130"}],"curies":[{"name":"wp","href":"https:\/\/api.w.org\/{rel}","templated":true}]}}