{"id":110,"date":"2015-10-09T14:06:33","date_gmt":"2015-10-09T14:06:33","guid":{"rendered":"http:\/\/broker.commercegurus.com\/?page_id=110"},"modified":"2017-10-02T22:17:24","modified_gmt":"2017-10-02T22:17:24","slug":"mechanical-engineering","status":"publish","type":"page","link":"https:\/\/linsalata.ch\/?page_id=110","title":{"rendered":"24-Stunden-Service"},"content":{"rendered":"<div class=\"wpb-content-wrapper\"><p>[vc_row type=&#8221;container&#8221; padding_top=&#8221;&#8221; padding_bottom=&#8221;&#8221; css=&#8221;.vc_custom_1506982349321{margin-top: 40px !important;margin-bottom: 40px !important;}&#8221;][vc_column width=&#8221;1\/2&#8243; css=&#8221;.vc_custom_1506717494684{margin-top: 60px !important;}&#8221;][vc_column_text]Die Spezialisten von Linsalata Geb\u00e4udetechnik haben rund um die Uhr, sprich 24 Stunden am Tag, das Werkzeug griffbereit. Ob f\u00fcr sanit\u00e4re- oder spenglerspezifische Reparaturen, sie kommen vorbei, sobald Not am Mann ist. Ein Anruf gen\u00fcgt!<\/p>\n<p>Service-Nummer: 079 444 82 14[\/vc_column_text][\/vc_column][vc_column width=&#8221;1\/2&#8243;][vc_single_image image=&#8221;71018&#8243; img_size=&#8221;full&#8221; add_caption=&#8221;yes&#8221; alignment=&#8221;center&#8221; style=&#8221;vc_box_shadow_3d&#8221; onclick=&#8221;link_image&#8221;][\/vc_column][\/vc_row]<\/p>\n<\/div>","protected":false},"excerpt":{"rendered":"<p>[vc_row type=&#8221;container&#8221; padding_top=&#8221;&#8221; padding_bottom=&#8221;&#8221; css=&#8221;.vc_custom_1506982349321{margin-top: 40px !important;margin-bottom: 40px !important;}&#8221;][vc_column width=&#8221;1\/2&#8243; css=&#8221;.vc_custom_1506717494684{margin-top: 60px !important;}&#8221;][vc_column_text]Die Spezialisten von Linsalata Geb\u00e4udetechnik haben rund um die Uhr, sprich 24 Stunden am Tag, das Werkzeug griffbereit. Ob f\u00fcr sanit\u00e4re- oder spenglerspezifische Reparaturen, sie kommen vorbei, sobald Not am Mann ist. Ein Anruf gen\u00fcgt! Service-Nummer: 079 444 82 14[\/vc_column_text][\/vc_column][vc_column width=&#8221;1\/2&#8243;][vc_single_image image=&#8221;71018&#8243; img_size=&#8221;full&#8221; [&hellip;]<\/p>\n","protected":false},"author":4,"featured_media":71339,"parent":73,"menu_order":4,"comment_status":"closed","ping_status":"closed","template":"page-full-width.php","meta":{"_acf_changed":false,"footnotes":""},"class_list":["post-110","page","type-page","status-publish","has-post-thumbnail","hentry"],"acf":[],"yoast_head":"<!-- This site is optimized with the Yoast SEO plugin v26.7 - https:\/\/yoast.com\/wordpress\/plugins\/seo\/ -->\n<title>24-Stunden-Service - Linsalata<\/title>\n<meta name=\"description\" content=\"It involves the design, production, and operation of machinery.\" \/>\n<meta name=\"robots\" content=\"index, follow, max-snippet:-1, max-image-preview:large, max-video-preview:-1\" \/>\n<link rel=\"canonical\" href=\"https:\/\/linsalata.ch\/?page_id=110\" \/>\n<meta property=\"og:locale\" content=\"de_DE\" \/>\n<meta property=\"og:type\" content=\"article\" \/>\n<meta property=\"og:title\" content=\"24-Stunden-Service - Linsalata\" \/>\n<meta property=\"og:description\" content=\"It involves the design, production, and operation of machinery.\" \/>\n<meta property=\"og:url\" content=\"https:\/\/linsalata.ch\/?page_id=110\" \/>\n<meta property=\"og:site_name\" content=\"Linsalata\" \/>\n<meta property=\"article:modified_time\" content=\"2017-10-02T22:17:24+00:00\" \/>\n<meta property=\"og:image\" content=\"https:\/\/linsalata.ch\/wp-content\/uploads\/2015\/10\/servi\u00e7o-24.jpg\" \/>\n\t<meta property=\"og:image:width\" content=\"2048\" \/>\n\t<meta property=\"og:image:height\" content=\"1367\" \/>\n\t<meta property=\"og:image:type\" content=\"image\/jpeg\" \/>\n<meta name=\"twitter:card\" content=\"summary_large_image\" \/>\n<meta name=\"twitter:label1\" content=\"Gesch\u00e4tzte Lesezeit\" \/>\n\t<meta name=\"twitter:data1\" content=\"1\u00a0Minute\" \/>\n<script type=\"application\/ld+json\" class=\"yoast-schema-graph\">{\"@context\":\"https:\/\/schema.org\",\"@graph\":[{\"@type\":\"WebPage\",\"@id\":\"https:\/\/linsalata.ch\/?page_id=110\",\"url\":\"https:\/\/linsalata.ch\/?page_id=110\",\"name\":\"24-Stunden-Service - Linsalata\",\"isPartOf\":{\"@id\":\"https:\/\/linsalata.ch\/#website\"},\"primaryImageOfPage\":{\"@id\":\"https:\/\/linsalata.ch\/?page_id=110#primaryimage\"},\"image\":{\"@id\":\"https:\/\/linsalata.ch\/?page_id=110#primaryimage\"},\"thumbnailUrl\":\"https:\/\/linsalata.ch\/wp-content\/uploads\/2015\/10\/servi\u00e7o-24.jpg\",\"datePublished\":\"2015-10-09T14:06:33+00:00\",\"dateModified\":\"2017-10-02T22:17:24+00:00\",\"description\":\"It involves the design, production, and operation of machinery.\",\"breadcrumb\":{\"@id\":\"https:\/\/linsalata.ch\/?page_id=110#breadcrumb\"},\"inLanguage\":\"de\",\"potentialAction\":[{\"@type\":\"ReadAction\",\"target\":[\"https:\/\/linsalata.ch\/?page_id=110\"]}]},{\"@type\":\"ImageObject\",\"inLanguage\":\"de\",\"@id\":\"https:\/\/linsalata.ch\/?page_id=110#primaryimage\",\"url\":\"https:\/\/linsalata.ch\/wp-content\/uploads\/2015\/10\/servi\u00e7o-24.jpg\",\"contentUrl\":\"https:\/\/linsalata.ch\/wp-content\/uploads\/2015\/10\/servi\u00e7o-24.jpg\",\"width\":2048,\"height\":1367},{\"@type\":\"BreadcrumbList\",\"@id\":\"https:\/\/linsalata.ch\/?page_id=110#breadcrumb\",\"itemListElement\":[{\"@type\":\"ListItem\",\"position\":1,\"name\":\"Startseite\",\"item\":\"https:\/\/linsalata.ch\/\"},{\"@type\":\"ListItem\",\"position\":2,\"name\":\"Solutions\",\"item\":\"https:\/\/linsalata.ch\/?page_id=73\"},{\"@type\":\"ListItem\",\"position\":3,\"name\":\"24-Stunden-Service\"}]},{\"@type\":\"WebSite\",\"@id\":\"https:\/\/linsalata.ch\/#website\",\"url\":\"https:\/\/linsalata.ch\/\",\"name\":\"Linsalata\",\"description\":\"Eine weitere WordPress page\",\"potentialAction\":[{\"@type\":\"SearchAction\",\"target\":{\"@type\":\"EntryPoint\",\"urlTemplate\":\"https:\/\/linsalata.ch\/?s={search_term_string}\"},\"query-input\":{\"@type\":\"PropertyValueSpecification\",\"valueRequired\":true,\"valueName\":\"search_term_string\"}}],\"inLanguage\":\"de\"}]}<\/script>\n<!-- \/ Yoast SEO plugin. -->","yoast_head_json":{"title":"24-Stunden-Service - Linsalata","description":"It involves the design, production, and operation of machinery.","robots":{"index":"index","follow":"follow","max-snippet":"max-snippet:-1","max-image-preview":"max-image-preview:large","max-video-preview":"max-video-preview:-1"},"canonical":"https:\/\/linsalata.ch\/?page_id=110","og_locale":"de_DE","og_type":"article","og_title":"24-Stunden-Service - Linsalata","og_description":"It involves the design, production, and operation of machinery.","og_url":"https:\/\/linsalata.ch\/?page_id=110","og_site_name":"Linsalata","article_modified_time":"2017-10-02T22:17:24+00:00","og_image":[{"width":2048,"height":1367,"url":"https:\/\/linsalata.ch\/wp-content\/uploads\/2015\/10\/servi\u00e7o-24.jpg","type":"image\/jpeg"}],"twitter_card":"summary_large_image","twitter_misc":{"Gesch\u00e4tzte Lesezeit":"1\u00a0Minute"},"schema":{"@context":"https:\/\/schema.org","@graph":[{"@type":"WebPage","@id":"https:\/\/linsalata.ch\/?page_id=110","url":"https:\/\/linsalata.ch\/?page_id=110","name":"24-Stunden-Service - Linsalata","isPartOf":{"@id":"https:\/\/linsalata.ch\/#website"},"primaryImageOfPage":{"@id":"https:\/\/linsalata.ch\/?page_id=110#primaryimage"},"image":{"@id":"https:\/\/linsalata.ch\/?page_id=110#primaryimage"},"thumbnailUrl":"https:\/\/linsalata.ch\/wp-content\/uploads\/2015\/10\/servi\u00e7o-24.jpg","datePublished":"2015-10-09T14:06:33+00:00","dateModified":"2017-10-02T22:17:24+00:00","description":"It involves the design, production, and operation of machinery.","breadcrumb":{"@id":"https:\/\/linsalata.ch\/?page_id=110#breadcrumb"},"inLanguage":"de","potentialAction":[{"@type":"ReadAction","target":["https:\/\/linsalata.ch\/?page_id=110"]}]},{"@type":"ImageObject","inLanguage":"de","@id":"https:\/\/linsalata.ch\/?page_id=110#primaryimage","url":"https:\/\/linsalata.ch\/wp-content\/uploads\/2015\/10\/servi\u00e7o-24.jpg","contentUrl":"https:\/\/linsalata.ch\/wp-content\/uploads\/2015\/10\/servi\u00e7o-24.jpg","width":2048,"height":1367},{"@type":"BreadcrumbList","@id":"https:\/\/linsalata.ch\/?page_id=110#breadcrumb","itemListElement":[{"@type":"ListItem","position":1,"name":"Startseite","item":"https:\/\/linsalata.ch\/"},{"@type":"ListItem","position":2,"name":"Solutions","item":"https:\/\/linsalata.ch\/?page_id=73"},{"@type":"ListItem","position":3,"name":"24-Stunden-Service"}]},{"@type":"WebSite","@id":"https:\/\/linsalata.ch\/#website","url":"https:\/\/linsalata.ch\/","name":"Linsalata","description":"Eine weitere WordPress page","potentialAction":[{"@type":"SearchAction","target":{"@type":"EntryPoint","urlTemplate":"https:\/\/linsalata.ch\/?s={search_term_string}"},"query-input":{"@type":"PropertyValueSpecification","valueRequired":true,"valueName":"search_term_string"}}],"inLanguage":"de"}]}},"_links":{"self":[{"href":"https:\/\/linsalata.ch\/index.php?rest_route=\/wp\/v2\/pages\/110","targetHints":{"allow":["GET"]}}],"collection":[{"href":"https:\/\/linsalata.ch\/index.php?rest_route=\/wp\/v2\/pages"}],"about":[{"href":"https:\/\/linsalata.ch\/index.php?rest_route=\/wp\/v2\/types\/page"}],"author":[{"embeddable":true,"href":"https:\/\/linsalata.ch\/index.php?rest_route=\/wp\/v2\/users\/4"}],"replies":[{"embeddable":true,"href":"https:\/\/linsalata.ch\/index.php?rest_route=%2Fwp%2Fv2%2Fcomments&post=110"}],"version-history":[{"count":7,"href":"https:\/\/linsalata.ch\/index.php?rest_route=\/wp\/v2\/pages\/110\/revisions"}],"predecessor-version":[{"id":71338,"href":"https:\/\/linsalata.ch\/index.php?rest_route=\/wp\/v2\/pages\/110\/revisions\/71338"}],"up":[{"embeddable":true,"href":"https:\/\/linsalata.ch\/index.php?rest_route=\/wp\/v2\/pages\/73"}],"wp:featuredmedia":[{"embeddable":true,"href":"https:\/\/linsalata.ch\/index.php?rest_route=\/wp\/v2\/media\/71339"}],"wp:attachment":[{"href":"https:\/\/linsalata.ch\/index.php?rest_route=%2Fwp%2Fv2%2Fmedia&parent=110"}],"curies":[{"name":"wp","href":"https:\/\/api.w.org\/{rel}","templated":true}]}}